{"id":9071,"date":"2026-04-14T15:18:39","date_gmt":"2026-04-14T15:18:39","guid":{"rendered":"https:\/\/realtyleonard.com\/property-finder\/fant-stica-casa-en-la-camella-la-sabinita-con-jardines-privados-vista-al-mar-y-mucha-privacidad\/"},"modified":"2026-04-14T15:18:39","modified_gmt":"2026-04-14T15:18:39","slug":"fant-stica-casa-en-la-camella-la-sabinita-con-jardines-privados-vista-al-mar-y-mucha-privacidad","status":"publish","type":"product","link":"https:\/\/realtyleonard.com\/es\/propiedades\/fant-stica-casa-en-la-camella-la-sabinita-con-jardines-privados-vista-al-mar-y-mucha-privacidad\/","title":{"rendered":"Fant\u00e1stica casa en La Camella- La Sabinita con jardines privados, vista al mar y mucha privacidad"},"content":{"rendered":"<p data-start=\"82\" data-end=\"183\"><strong data-start=\"82\" data-end=\"183\">Chalet independiente cerca de La Camella \/ Valle San Lorenzo (Sabinita) con impresionantes vistas y parcela de 626 m\u00b2<\/strong><\/p>\n<p data-start=\"185\" data-end=\"320\">Exclusiva villa independiente situada en una amplia parcela de 626 m\u00b2, que ofrece privacidad, comodidad y generosas zonas exteriores en el sur de Tenerife.<\/p>\n<p data-start=\"322\" data-end=\"585\">La vivienda tiene 219 m\u00b2 construidos, con 3 luminosos dormitorios con armarios empotrados, 2 de ellos en suite, m\u00e1s un aseo de invitados. La cocina independiente totalmente equipada incluye espacio para comer, y el amplio y luminoso sal\u00f3n da directamente a las zonas exteriores. <\/p>\n<p data-start=\"587\" data-end=\"710\">Tambi\u00e9n hay un s\u00f3tano de 77 m\u00b2 con garaje cerrado y trastero\/bodega, as\u00ed como aparcamiento exterior privado adicional.<\/p>\n<p data-start=\"712\" data-end=\"733\"><strong data-start=\"712\" data-end=\"733\">Caracter\u00edsticas exteriores:<\/strong><\/p>\n<ul data-start=\"734\" data-end=\"837\">\n<li data-section-id=\"14jdz2\" data-start=\"734\" data-end=\"752\">Jard\u00edn privado<\/li>\n<li data-section-id=\"39idc6\" data-start=\"753\" data-end=\"775\">Peque\u00f1a piscina privada<\/li>\n<li data-section-id=\"peyw34\" data-start=\"776\" data-end=\"794\">Grandes terrazas<\/li>\n<li data-section-id=\"1i8gqqx\" data-start=\"795\" data-end=\"837\">Espacio para chill-out, barbacoa o zona de juegos<\/li>\n<\/ul>\n<p data-start=\"839\" data-end=\"979\">La propiedad tambi\u00e9n ofrece una gran terraza en la azotea con gran potencial, incluida la posibilidad de construir una piscina infinita con vistas al oc\u00e9ano.<\/p>\n<p data-start=\"981\" data-end=\"997\">IBI: 300 euros\/a\u00f1o<\/p>\n<p data-start=\"999\" data-end=\"1105\">Una casa perfecta que combina espacio, privacidad y calidad de vida en una ubicaci\u00f3n privilegiada con sol todo el a\u00f1o.<\/p>\n","protected":false},"excerpt":{"rendered":"<p data-start=\"45\" data-end=\"112\"><strong data-start=\"45\" data-end=\"110\">Chalet independiente cerca de La Camella \/ Valle San Lorenzo (Sabinita)<\/strong><\/p>\n<p data-start=\"114\" data-end=\"236\">Chalet independiente en una parcela de 626 m\u00b2 con hermosas vistas, que ofrece privacidad y un gran espacio exterior en el sur de Tenerife.<\/p>\n<p data-start=\"238\" data-end=\"412\">La vivienda tiene 219 m\u00b2 construidos, con 3 dormitorios (2 en suite), 3 ba\u00f1os, una cocina independiente totalmente equipada y un luminoso sal\u00f3n con acceso directo al exterior.<\/p>\n<p data-start=\"414\" data-end=\"499\">Incluye un s\u00f3tano de 77 m\u00b2 con garaje y trastero, adem\u00e1s de aparcamiento exterior adicional.<\/p>\n<p data-start=\"501\" data-end=\"608\">Cuenta con un jard\u00edn privado, una peque\u00f1a piscina, amplias terrazas y una azotea con potencial para una piscina infinita.<\/p>\n<p data-start=\"610\" data-end=\"626\">IBI: 300 euros\/a\u00f1o<\/p>\n","protected":false},"featured_media":9061,"template":"","meta":{"_acf_changed":false},"product_brand":[],"product_cat":[299,294,315],"product_tag":[326,322,320,327],"class_list":{"0":"post-9071","1":"product","2":"type-product","3":"status-publish","4":"has-post-thumbnail","6":"product_cat-casa-casa-adosada","7":"product_cat-land-plot-es","8":"product_cat-villa","9":"product_tag-casa","10":"product_tag-tenerife","11":"product_tag-terreno","12":"product_tag-ver","14":"entry","15":"has-media","17":"first","18":"instock","19":"shipping-taxable","20":"purchasable","21":"product-type-simple","22":"col","23":"span_1_of_3","24":"owp-content-center","25":"owp-thumbs-layout-horizontal","26":"owp-btn-normal","27":"owp-tabs-layout-horizontal"},"acf":[],"yoast_head":"<!-- This site is optimized with the Yoast SEO plugin v27.2 - https:\/\/yoast.com\/product\/yoast-seo-wordpress\/ -->\n<title>Fant\u00e1stica casa en La Camella- La Sabinita con jardines privados, vista al mar y mucha privacidad - Leonard Realty<\/title>\n<meta name=\"robots\" content=\"index, follow, max-snippet:-1, max-image-preview:large, max-video-preview:-1\" \/>\n<link rel=\"canonical\" href=\"https:\/\/realtyleonard.com\/es\/propiedades\/fant-stica-casa-en-la-camella-la-sabinita-con-jardines-privados-vista-al-mar-y-mucha-privacidad\/\" \/>\n<meta property=\"og:locale\" content=\"es_ES\" \/>\n<meta property=\"og:type\" content=\"article\" \/>\n<meta property=\"og:title\" content=\"Fant\u00e1stica casa en La Camella- La Sabinita con jardines privados, vista al mar y mucha privacidad - Leonard Realty\" \/>\n<meta property=\"og:description\" content=\"Chalet independiente cerca de La Camella \/ Valle San Lorenzo (Sabinita) Chalet independiente en una parcela de 626 m\u00b2 con hermosas vistas, que ofrece privacidad y un gran espacio exterior en el sur de Tenerife. La vivienda tiene 219 m\u00b2 construidos, con 3 dormitorios (2 en suite), 3 ba\u00f1os, una cocina independiente totalmente equipada y un luminoso sal\u00f3n con acceso directo al exterior. Incluye un s\u00f3tano de 77 m\u00b2 con garaje y trastero, adem\u00e1s de aparcamiento exterior adicional. Cuenta con un jard\u00edn privado, una peque\u00f1a piscina, amplias terrazas y una azotea con potencial para una piscina infinita. IBI: 300 euros\/a\u00f1o\" \/>\n<meta property=\"og:url\" content=\"https:\/\/realtyleonard.com\/es\/propiedades\/fant-stica-casa-en-la-camella-la-sabinita-con-jardines-privados-vista-al-mar-y-mucha-privacidad\/\" \/>\n<meta property=\"og:site_name\" content=\"Leonard Realty\" \/>\n<meta property=\"og:image\" content=\"https:\/\/realtyleonard.com\/wp-content\/uploads\/2026\/04\/20260224-25-Leonard-Realty-Andrea-C-La-Camella-21-1024x681.jpg\" \/>\n\t<meta property=\"og:image:width\" content=\"1024\" \/>\n\t<meta property=\"og:image:height\" content=\"681\" \/>\n\t<meta property=\"og:image:type\" content=\"image\/jpeg\" \/>\n<meta name=\"twitter:card\" content=\"summary_large_image\" \/>\n<meta name=\"twitter:label1\" content=\"Tiempo de lectura\" \/>\n\t<meta name=\"twitter:data1\" content=\"1 minuto\" \/>\n<script type=\"application\/ld+json\" class=\"yoast-schema-graph\">{\"@context\":\"https:\/\/schema.org\",\"@graph\":[{\"@type\":\"WebPage\",\"@id\":\"https:\/\/realtyleonard.com\/es\/propiedades\/fant-stica-casa-en-la-camella-la-sabinita-con-jardines-privados-vista-al-mar-y-mucha-privacidad\/\",\"url\":\"https:\/\/realtyleonard.com\/es\/propiedades\/fant-stica-casa-en-la-camella-la-sabinita-con-jardines-privados-vista-al-mar-y-mucha-privacidad\/\",\"name\":\"Fant\u00e1stica casa en La Camella- La Sabinita con jardines privados, vista al mar y mucha privacidad - Leonard Realty\",\"isPartOf\":{\"@id\":\"https:\/\/realtyleonard.com\/es\/#website\"},\"primaryImageOfPage\":{\"@id\":\"https:\/\/realtyleonard.com\/es\/propiedades\/fant-stica-casa-en-la-camella-la-sabinita-con-jardines-privados-vista-al-mar-y-mucha-privacidad\/#primaryimage\"},\"image\":{\"@id\":\"https:\/\/realtyleonard.com\/es\/propiedades\/fant-stica-casa-en-la-camella-la-sabinita-con-jardines-privados-vista-al-mar-y-mucha-privacidad\/#primaryimage\"},\"thumbnailUrl\":\"https:\/\/realtyleonard.com\/wp-content\/uploads\/2026\/04\/20260224-25-Leonard-Realty-Andrea-C-La-Camella-21.jpg\",\"datePublished\":\"2026-04-14T15:18:39+00:00\",\"breadcrumb\":{\"@id\":\"https:\/\/realtyleonard.com\/es\/propiedades\/fant-stica-casa-en-la-camella-la-sabinita-con-jardines-privados-vista-al-mar-y-mucha-privacidad\/#breadcrumb\"},\"inLanguage\":\"es\",\"potentialAction\":[{\"@type\":\"ReadAction\",\"target\":[\"https:\/\/realtyleonard.com\/es\/propiedades\/fant-stica-casa-en-la-camella-la-sabinita-con-jardines-privados-vista-al-mar-y-mucha-privacidad\/\"]}]},{\"@type\":\"ImageObject\",\"inLanguage\":\"es\",\"@id\":\"https:\/\/realtyleonard.com\/es\/propiedades\/fant-stica-casa-en-la-camella-la-sabinita-con-jardines-privados-vista-al-mar-y-mucha-privacidad\/#primaryimage\",\"url\":\"https:\/\/realtyleonard.com\/wp-content\/uploads\/2026\/04\/20260224-25-Leonard-Realty-Andrea-C-La-Camella-21.jpg\",\"contentUrl\":\"https:\/\/realtyleonard.com\/wp-content\/uploads\/2026\/04\/20260224-25-Leonard-Realty-Andrea-C-La-Camella-21.jpg\",\"width\":2500,\"height\":1663},{\"@type\":\"BreadcrumbList\",\"@id\":\"https:\/\/realtyleonard.com\/es\/propiedades\/fant-stica-casa-en-la-camella-la-sabinita-con-jardines-privados-vista-al-mar-y-mucha-privacidad\/#breadcrumb\",\"itemListElement\":[{\"@type\":\"ListItem\",\"position\":1,\"name\":\"\u0413\u043b\u0430\u0432\u043d\u0430\u044f \u0441\u0442\u0440\u0430\u043d\u0438\u0446\u0430\",\"item\":\"https:\/\/realtyleonard.com\/es\/inicio\/\"},{\"@type\":\"ListItem\",\"position\":2,\"name\":\"Property Finder\",\"item\":\"https:\/\/realtyleonard.com\/es\/propiedades\/\"},{\"@type\":\"ListItem\",\"position\":3,\"name\":\"Fant\u00e1stica casa en La Camella- La Sabinita con jardines privados, vista al mar y mucha privacidad\"}]},{\"@type\":\"WebSite\",\"@id\":\"https:\/\/realtyleonard.com\/es\/#website\",\"url\":\"https:\/\/realtyleonard.com\/es\/\",\"name\":\"Leonard Realty\",\"description\":\"Luxury Real Estate\",\"publisher\":{\"@id\":\"https:\/\/realtyleonard.com\/es\/#organization\"},\"potentialAction\":[{\"@type\":\"SearchAction\",\"target\":{\"@type\":\"EntryPoint\",\"urlTemplate\":\"https:\/\/realtyleonard.com\/es\/?s={search_term_string}\"},\"query-input\":{\"@type\":\"PropertyValueSpecification\",\"valueRequired\":true,\"valueName\":\"search_term_string\"}}],\"inLanguage\":\"es\"},{\"@type\":\"Organization\",\"@id\":\"https:\/\/realtyleonard.com\/es\/#organization\",\"name\":\"Leonard Realty\",\"url\":\"https:\/\/realtyleonard.com\/es\/\",\"logo\":{\"@type\":\"ImageObject\",\"inLanguage\":\"es\",\"@id\":\"https:\/\/realtyleonard.com\/es\/#\/schema\/logo\/image\/\",\"url\":\"https:\/\/realtyleonard.com\/wp-content\/uploads\/2021\/03\/leonard_logo_sfondo_scuro1.png\",\"contentUrl\":\"https:\/\/realtyleonard.com\/wp-content\/uploads\/2021\/03\/leonard_logo_sfondo_scuro1.png\",\"width\":859,\"height\":888,\"caption\":\"Leonard Realty\"},\"image\":{\"@id\":\"https:\/\/realtyleonard.com\/es\/#\/schema\/logo\/image\/\"}}]}<\/script>\n<!-- \/ Yoast SEO plugin. -->","yoast_head_json":{"title":"Fant\u00e1stica casa en La Camella- La Sabinita con jardines privados, vista al mar y mucha privacidad - Leonard Realty","robots":{"index":"index","follow":"follow","max-snippet":"max-snippet:-1","max-image-preview":"max-image-preview:large","max-video-preview":"max-video-preview:-1"},"canonical":"https:\/\/realtyleonard.com\/es\/propiedades\/fant-stica-casa-en-la-camella-la-sabinita-con-jardines-privados-vista-al-mar-y-mucha-privacidad\/","og_locale":"es_ES","og_type":"article","og_title":"Fant\u00e1stica casa en La Camella- La Sabinita con jardines privados, vista al mar y mucha privacidad - Leonard Realty","og_description":"Chalet independiente cerca de La Camella \/ Valle San Lorenzo (Sabinita) Chalet independiente en una parcela de 626 m\u00b2 con hermosas vistas, que ofrece privacidad y un gran espacio exterior en el sur de Tenerife. La vivienda tiene 219 m\u00b2 construidos, con 3 dormitorios (2 en suite), 3 ba\u00f1os, una cocina independiente totalmente equipada y un luminoso sal\u00f3n con acceso directo al exterior. Incluye un s\u00f3tano de 77 m\u00b2 con garaje y trastero, adem\u00e1s de aparcamiento exterior adicional. Cuenta con un jard\u00edn privado, una peque\u00f1a piscina, amplias terrazas y una azotea con potencial para una piscina infinita. IBI: 300 euros\/a\u00f1o","og_url":"https:\/\/realtyleonard.com\/es\/propiedades\/fant-stica-casa-en-la-camella-la-sabinita-con-jardines-privados-vista-al-mar-y-mucha-privacidad\/","og_site_name":"Leonard Realty","og_image":[{"width":1024,"height":681,"url":"https:\/\/realtyleonard.com\/wp-content\/uploads\/2026\/04\/20260224-25-Leonard-Realty-Andrea-C-La-Camella-21-1024x681.jpg","type":"image\/jpeg"}],"twitter_card":"summary_large_image","twitter_misc":{"Tiempo de lectura":"1 minuto"},"schema":{"@context":"https:\/\/schema.org","@graph":[{"@type":"WebPage","@id":"https:\/\/realtyleonard.com\/es\/propiedades\/fant-stica-casa-en-la-camella-la-sabinita-con-jardines-privados-vista-al-mar-y-mucha-privacidad\/","url":"https:\/\/realtyleonard.com\/es\/propiedades\/fant-stica-casa-en-la-camella-la-sabinita-con-jardines-privados-vista-al-mar-y-mucha-privacidad\/","name":"Fant\u00e1stica casa en La Camella- La Sabinita con jardines privados, vista al mar y mucha privacidad - Leonard Realty","isPartOf":{"@id":"https:\/\/realtyleonard.com\/es\/#website"},"primaryImageOfPage":{"@id":"https:\/\/realtyleonard.com\/es\/propiedades\/fant-stica-casa-en-la-camella-la-sabinita-con-jardines-privados-vista-al-mar-y-mucha-privacidad\/#primaryimage"},"image":{"@id":"https:\/\/realtyleonard.com\/es\/propiedades\/fant-stica-casa-en-la-camella-la-sabinita-con-jardines-privados-vista-al-mar-y-mucha-privacidad\/#primaryimage"},"thumbnailUrl":"https:\/\/realtyleonard.com\/wp-content\/uploads\/2026\/04\/20260224-25-Leonard-Realty-Andrea-C-La-Camella-21.jpg","datePublished":"2026-04-14T15:18:39+00:00","breadcrumb":{"@id":"https:\/\/realtyleonard.com\/es\/propiedades\/fant-stica-casa-en-la-camella-la-sabinita-con-jardines-privados-vista-al-mar-y-mucha-privacidad\/#breadcrumb"},"inLanguage":"es","potentialAction":[{"@type":"ReadAction","target":["https:\/\/realtyleonard.com\/es\/propiedades\/fant-stica-casa-en-la-camella-la-sabinita-con-jardines-privados-vista-al-mar-y-mucha-privacidad\/"]}]},{"@type":"ImageObject","inLanguage":"es","@id":"https:\/\/realtyleonard.com\/es\/propiedades\/fant-stica-casa-en-la-camella-la-sabinita-con-jardines-privados-vista-al-mar-y-mucha-privacidad\/#primaryimage","url":"https:\/\/realtyleonard.com\/wp-content\/uploads\/2026\/04\/20260224-25-Leonard-Realty-Andrea-C-La-Camella-21.jpg","contentUrl":"https:\/\/realtyleonard.com\/wp-content\/uploads\/2026\/04\/20260224-25-Leonard-Realty-Andrea-C-La-Camella-21.jpg","width":2500,"height":1663},{"@type":"BreadcrumbList","@id":"https:\/\/realtyleonard.com\/es\/propiedades\/fant-stica-casa-en-la-camella-la-sabinita-con-jardines-privados-vista-al-mar-y-mucha-privacidad\/#breadcrumb","itemListElement":[{"@type":"ListItem","position":1,"name":"\u0413\u043b\u0430\u0432\u043d\u0430\u044f \u0441\u0442\u0440\u0430\u043d\u0438\u0446\u0430","item":"https:\/\/realtyleonard.com\/es\/inicio\/"},{"@type":"ListItem","position":2,"name":"Property Finder","item":"https:\/\/realtyleonard.com\/es\/propiedades\/"},{"@type":"ListItem","position":3,"name":"Fant\u00e1stica casa en La Camella- La Sabinita con jardines privados, vista al mar y mucha privacidad"}]},{"@type":"WebSite","@id":"https:\/\/realtyleonard.com\/es\/#website","url":"https:\/\/realtyleonard.com\/es\/","name":"Leonard Realty","description":"Luxury Real Estate","publisher":{"@id":"https:\/\/realtyleonard.com\/es\/#organization"},"potentialAction":[{"@type":"SearchAction","target":{"@type":"EntryPoint","urlTemplate":"https:\/\/realtyleonard.com\/es\/?s={search_term_string}"},"query-input":{"@type":"PropertyValueSpecification","valueRequired":true,"valueName":"search_term_string"}}],"inLanguage":"es"},{"@type":"Organization","@id":"https:\/\/realtyleonard.com\/es\/#organization","name":"Leonard Realty","url":"https:\/\/realtyleonard.com\/es\/","logo":{"@type":"ImageObject","inLanguage":"es","@id":"https:\/\/realtyleonard.com\/es\/#\/schema\/logo\/image\/","url":"https:\/\/realtyleonard.com\/wp-content\/uploads\/2021\/03\/leonard_logo_sfondo_scuro1.png","contentUrl":"https:\/\/realtyleonard.com\/wp-content\/uploads\/2021\/03\/leonard_logo_sfondo_scuro1.png","width":859,"height":888,"caption":"Leonard Realty"},"image":{"@id":"https:\/\/realtyleonard.com\/es\/#\/schema\/logo\/image\/"}}]}},"_links":{"self":[{"href":"https:\/\/realtyleonard.com\/es\/wp-json\/wp\/v2\/product\/9071","targetHints":{"allow":["GET"]}}],"collection":[{"href":"https:\/\/realtyleonard.com\/es\/wp-json\/wp\/v2\/product"}],"about":[{"href":"https:\/\/realtyleonard.com\/es\/wp-json\/wp\/v2\/types\/product"}],"version-history":[{"count":0,"href":"https:\/\/realtyleonard.com\/es\/wp-json\/wp\/v2\/product\/9071\/revisions"}],"wp:featuredmedia":[{"embeddable":true,"href":"https:\/\/realtyleonard.com\/es\/wp-json\/wp\/v2\/media\/9061"}],"wp:attachment":[{"href":"https:\/\/realtyleonard.com\/es\/wp-json\/wp\/v2\/media?parent=9071"}],"wp:term":[{"taxonomy":"product_brand","embeddable":true,"href":"https:\/\/realtyleonard.com\/es\/wp-json\/wp\/v2\/product_brand?post=9071"},{"taxonomy":"product_cat","embeddable":true,"href":"https:\/\/realtyleonard.com\/es\/wp-json\/wp\/v2\/product_cat?post=9071"},{"taxonomy":"product_tag","embeddable":true,"href":"https:\/\/realtyleonard.com\/es\/wp-json\/wp\/v2\/product_tag?post=9071"}],"curies":[{"name":"wp","href":"https:\/\/api.w.org\/{rel}","templated":true}]}}