{"id":8772,"date":"2025-10-21T21:30:24","date_gmt":"2025-10-21T21:30:24","guid":{"rendered":"https:\/\/realtyleonard.com\/property-finder\/increible-apartamento-de-1-dormitorio-cerca-de-la-playa-de-fanabe-en-costa-adeje\/"},"modified":"2025-10-21T21:31:53","modified_gmt":"2025-10-21T21:31:53","slug":"increible-apartamento-de-1-dormitorio-cerca-de-la-playa-de-fanabe-en-costa-adeje","status":"publish","type":"product","link":"https:\/\/realtyleonard.com\/es\/propiedades\/increible-apartamento-de-1-dormitorio-cerca-de-la-playa-de-fanabe-en-costa-adeje\/","title":{"rendered":"Incre\u00edble apartamento de 1 dormitorio cerca de la playa de Fa\u00f1abe en Costa Adeje"},"content":{"rendered":"<h3 data-start=\"130\" data-end=\"207\">Apartamento de 1 dormitorio en Parque de la Yuca &#8211; Playa de Fa\u00f1ab\u00e9, Tenerife Sur<\/h3>\n<p data-start=\"209\" data-end=\"412\">Se vende este encantador apartamento situado en el prestigioso <strong data-start=\"272\" data-end=\"294\">complejo Yucca Park<\/strong>, a pocos pasos de la famosa <strong data-start=\"329\" data-end=\"348\">Playa de Fa\u00f1ab\u00e9<\/strong>, una de las zonas m\u00e1s cotizadas del sur de Tenerife.<\/p>\n<p data-start=\"414\" data-end=\"506\">Situado en la <strong data-start=\"430\" data-end=\"445\">primera planta<\/strong>, el apartamento ofrece una distribuci\u00f3n c\u00f3moda y funcional:<\/p>\n<ul data-start=\"508\" data-end=\"861\">\n<li data-start=\"508\" data-end=\"558\">\n<p data-start=\"510\" data-end=\"558\"><strong data-start=\"510\" data-end=\"532\">1 dormitorio espacioso<\/strong> con armario empotrado.<\/p>\n<\/li>\n<li data-start=\"559\" data-end=\"606\">\n<p data-start=\"561\" data-end=\"606\"><strong data-start=\"561\" data-end=\"580\">1 ba\u00f1o completo<\/strong> en excelente estado.<\/p>\n<\/li>\n<li data-start=\"607\" data-end=\"675\">\n<p data-start=\"609\" data-end=\"675\"><strong data-start=\"609\" data-end=\"638\">Luminoso sal\u00f3n-comedor<\/strong> con acceso directo a la terraza.<\/p>\n<\/li>\n<li data-start=\"676\" data-end=\"740\">\n<p data-start=\"678\" data-end=\"740\"><strong data-start=\"678\" data-end=\"704\">Cocina totalmente equipada<\/strong>, integrada en la zona de estar.<\/p>\n<\/li>\n<li data-start=\"741\" data-end=\"861\">\n<p data-start=\"743\" data-end=\"861\"><strong data-start=\"743\" data-end=\"788\">Terraza privada con preciosas vistas a la piscina<\/strong>, ideal para disfrutar del desayuno al sol o de una copa de vino al atardecer.<\/p>\n<\/li>\n<\/ul>\n<p data-start=\"863\" data-end=\"1044\">El <strong data-start=\"867\" data-end=\"889\">complejo Yucca<\/strong> Park es muy apreciado por sus cuidados jardines y su <strong data-start=\"937\" data-end=\"985\">piscina comunitaria con zonas para tomar el sol<\/strong>, que ofrecen un ambiente acogedor y relajante durante todo el a\u00f1o.<\/p>\n","protected":false},"excerpt":{"rendered":"<p>Se vende este encantador apartamento situado en el prestigioso <strong data-start=\"272\" data-end=\"294\">complejo Yucca Park<\/strong>, a pocos pasos de la famosa <strong data-start=\"329\" data-end=\"348\">Playa de Fa\u00f1ab\u00e9<\/strong>, una de las zonas m\u00e1s cotizadas del sur de Tenerife.<\/p>\n","protected":false},"featured_media":8742,"template":"","meta":{"_acf_changed":false},"product_brand":[],"product_cat":[296],"product_tag":[313],"class_list":{"0":"post-8772","1":"product","2":"type-product","3":"status-publish","4":"has-post-thumbnail","6":"product_cat-piso-apartamento","7":"product_tag-costa-adeje","9":"entry","10":"has-media","12":"first","13":"instock","14":"shipping-taxable","15":"purchasable","16":"product-type-simple","17":"col","18":"span_1_of_3","19":"owp-content-center","20":"owp-thumbs-layout-horizontal","21":"owp-btn-normal","22":"owp-tabs-layout-horizontal"},"acf":[],"yoast_head":"<!-- This site is optimized with the Yoast SEO plugin v27.2 - https:\/\/yoast.com\/product\/yoast-seo-wordpress\/ -->\n<title>Incre\u00edble apartamento de 1 dormitorio cerca de la playa de Fa\u00f1abe en Costa Adeje - Leonard Realty<\/title>\n<meta name=\"robots\" content=\"index, follow, max-snippet:-1, max-image-preview:large, max-video-preview:-1\" \/>\n<link rel=\"canonical\" href=\"https:\/\/realtyleonard.com\/es\/propiedades\/increible-apartamento-de-1-dormitorio-cerca-de-la-playa-de-fanabe-en-costa-adeje\/\" \/>\n<meta property=\"og:locale\" content=\"es_ES\" \/>\n<meta property=\"og:type\" content=\"article\" \/>\n<meta property=\"og:title\" content=\"Incre\u00edble apartamento de 1 dormitorio cerca de la playa de Fa\u00f1abe en Costa Adeje - Leonard Realty\" \/>\n<meta property=\"og:description\" content=\"Se vende este encantador apartamento situado en el prestigioso complejo Yucca Park, a pocos pasos de la famosa Playa de Fa\u00f1ab\u00e9, una de las zonas m\u00e1s cotizadas del sur de Tenerife.\" \/>\n<meta property=\"og:url\" content=\"https:\/\/realtyleonard.com\/es\/propiedades\/increible-apartamento-de-1-dormitorio-cerca-de-la-playa-de-fanabe-en-costa-adeje\/\" \/>\n<meta property=\"og:site_name\" content=\"Leonard Realty\" \/>\n<meta property=\"article:modified_time\" content=\"2025-10-21T21:31:53+00:00\" \/>\n<meta property=\"og:image\" content=\"https:\/\/realtyleonard.com\/wp-content\/uploads\/2025\/10\/20250915-15-Leonard-Realty-Andrea-C-Yucca-Park-1.jpg\" \/>\n\t<meta property=\"og:image:width\" content=\"2500\" \/>\n\t<meta property=\"og:image:height\" content=\"1667\" \/>\n\t<meta property=\"og:image:type\" content=\"image\/jpeg\" \/>\n<meta name=\"twitter:card\" content=\"summary_large_image\" \/>\n<meta name=\"twitter:label1\" content=\"Tiempo de lectura\" \/>\n\t<meta name=\"twitter:data1\" content=\"1 minuto\" \/>\n<script type=\"application\/ld+json\" class=\"yoast-schema-graph\">{\"@context\":\"https:\/\/schema.org\",\"@graph\":[{\"@type\":\"WebPage\",\"@id\":\"https:\/\/realtyleonard.com\/es\/propiedades\/increible-apartamento-de-1-dormitorio-cerca-de-la-playa-de-fanabe-en-costa-adeje\/\",\"url\":\"https:\/\/realtyleonard.com\/es\/propiedades\/increible-apartamento-de-1-dormitorio-cerca-de-la-playa-de-fanabe-en-costa-adeje\/\",\"name\":\"Incre\u00edble apartamento de 1 dormitorio cerca de la playa de Fa\u00f1abe en Costa Adeje - Leonard Realty\",\"isPartOf\":{\"@id\":\"https:\/\/realtyleonard.com\/es\/#website\"},\"primaryImageOfPage\":{\"@id\":\"https:\/\/realtyleonard.com\/es\/propiedades\/increible-apartamento-de-1-dormitorio-cerca-de-la-playa-de-fanabe-en-costa-adeje\/#primaryimage\"},\"image\":{\"@id\":\"https:\/\/realtyleonard.com\/es\/propiedades\/increible-apartamento-de-1-dormitorio-cerca-de-la-playa-de-fanabe-en-costa-adeje\/#primaryimage\"},\"thumbnailUrl\":\"https:\/\/realtyleonard.com\/wp-content\/uploads\/2025\/10\/20250915-15-Leonard-Realty-Andrea-C-Yucca-Park-1.jpg\",\"datePublished\":\"2025-10-21T21:30:24+00:00\",\"dateModified\":\"2025-10-21T21:31:53+00:00\",\"breadcrumb\":{\"@id\":\"https:\/\/realtyleonard.com\/es\/propiedades\/increible-apartamento-de-1-dormitorio-cerca-de-la-playa-de-fanabe-en-costa-adeje\/#breadcrumb\"},\"inLanguage\":\"es\",\"potentialAction\":[{\"@type\":\"ReadAction\",\"target\":[\"https:\/\/realtyleonard.com\/es\/propiedades\/increible-apartamento-de-1-dormitorio-cerca-de-la-playa-de-fanabe-en-costa-adeje\/\"]}]},{\"@type\":\"ImageObject\",\"inLanguage\":\"es\",\"@id\":\"https:\/\/realtyleonard.com\/es\/propiedades\/increible-apartamento-de-1-dormitorio-cerca-de-la-playa-de-fanabe-en-costa-adeje\/#primaryimage\",\"url\":\"https:\/\/realtyleonard.com\/wp-content\/uploads\/2025\/10\/20250915-15-Leonard-Realty-Andrea-C-Yucca-Park-1.jpg\",\"contentUrl\":\"https:\/\/realtyleonard.com\/wp-content\/uploads\/2025\/10\/20250915-15-Leonard-Realty-Andrea-C-Yucca-Park-1.jpg\",\"width\":2500,\"height\":1667},{\"@type\":\"BreadcrumbList\",\"@id\":\"https:\/\/realtyleonard.com\/es\/propiedades\/increible-apartamento-de-1-dormitorio-cerca-de-la-playa-de-fanabe-en-costa-adeje\/#breadcrumb\",\"itemListElement\":[{\"@type\":\"ListItem\",\"position\":1,\"name\":\"\u0413\u043b\u0430\u0432\u043d\u0430\u044f \u0441\u0442\u0440\u0430\u043d\u0438\u0446\u0430\",\"item\":\"https:\/\/realtyleonard.com\/es\/inicio\/\"},{\"@type\":\"ListItem\",\"position\":2,\"name\":\"Property Finder\",\"item\":\"https:\/\/realtyleonard.com\/es\/propiedades\/\"},{\"@type\":\"ListItem\",\"position\":3,\"name\":\"Incre\u00edble apartamento de 1 dormitorio cerca de la playa de Fa\u00f1abe en Costa Adeje\"}]},{\"@type\":\"WebSite\",\"@id\":\"https:\/\/realtyleonard.com\/es\/#website\",\"url\":\"https:\/\/realtyleonard.com\/es\/\",\"name\":\"Leonard Realty\",\"description\":\"Luxury Real Estate\",\"publisher\":{\"@id\":\"https:\/\/realtyleonard.com\/es\/#organization\"},\"potentialAction\":[{\"@type\":\"SearchAction\",\"target\":{\"@type\":\"EntryPoint\",\"urlTemplate\":\"https:\/\/realtyleonard.com\/es\/?s={search_term_string}\"},\"query-input\":{\"@type\":\"PropertyValueSpecification\",\"valueRequired\":true,\"valueName\":\"search_term_string\"}}],\"inLanguage\":\"es\"},{\"@type\":\"Organization\",\"@id\":\"https:\/\/realtyleonard.com\/es\/#organization\",\"name\":\"Leonard Realty\",\"url\":\"https:\/\/realtyleonard.com\/es\/\",\"logo\":{\"@type\":\"ImageObject\",\"inLanguage\":\"es\",\"@id\":\"https:\/\/realtyleonard.com\/es\/#\/schema\/logo\/image\/\",\"url\":\"https:\/\/realtyleonard.com\/wp-content\/uploads\/2021\/03\/leonard_logo_sfondo_scuro1.png\",\"contentUrl\":\"https:\/\/realtyleonard.com\/wp-content\/uploads\/2021\/03\/leonard_logo_sfondo_scuro1.png\",\"width\":859,\"height\":888,\"caption\":\"Leonard Realty\"},\"image\":{\"@id\":\"https:\/\/realtyleonard.com\/es\/#\/schema\/logo\/image\/\"}}]}<\/script>\n<!-- \/ Yoast SEO plugin. -->","yoast_head_json":{"title":"Incre\u00edble apartamento de 1 dormitorio cerca de la playa de Fa\u00f1abe en Costa Adeje - Leonard Realty","robots":{"index":"index","follow":"follow","max-snippet":"max-snippet:-1","max-image-preview":"max-image-preview:large","max-video-preview":"max-video-preview:-1"},"canonical":"https:\/\/realtyleonard.com\/es\/propiedades\/increible-apartamento-de-1-dormitorio-cerca-de-la-playa-de-fanabe-en-costa-adeje\/","og_locale":"es_ES","og_type":"article","og_title":"Incre\u00edble apartamento de 1 dormitorio cerca de la playa de Fa\u00f1abe en Costa Adeje - Leonard Realty","og_description":"Se vende este encantador apartamento situado en el prestigioso complejo Yucca Park, a pocos pasos de la famosa Playa de Fa\u00f1ab\u00e9, una de las zonas m\u00e1s cotizadas del sur de Tenerife.","og_url":"https:\/\/realtyleonard.com\/es\/propiedades\/increible-apartamento-de-1-dormitorio-cerca-de-la-playa-de-fanabe-en-costa-adeje\/","og_site_name":"Leonard Realty","article_modified_time":"2025-10-21T21:31:53+00:00","og_image":[{"width":2500,"height":1667,"url":"https:\/\/realtyleonard.com\/wp-content\/uploads\/2025\/10\/20250915-15-Leonard-Realty-Andrea-C-Yucca-Park-1.jpg","type":"image\/jpeg"}],"twitter_card":"summary_large_image","twitter_misc":{"Tiempo de lectura":"1 minuto"},"schema":{"@context":"https:\/\/schema.org","@graph":[{"@type":"WebPage","@id":"https:\/\/realtyleonard.com\/es\/propiedades\/increible-apartamento-de-1-dormitorio-cerca-de-la-playa-de-fanabe-en-costa-adeje\/","url":"https:\/\/realtyleonard.com\/es\/propiedades\/increible-apartamento-de-1-dormitorio-cerca-de-la-playa-de-fanabe-en-costa-adeje\/","name":"Incre\u00edble apartamento de 1 dormitorio cerca de la playa de Fa\u00f1abe en Costa Adeje - Leonard Realty","isPartOf":{"@id":"https:\/\/realtyleonard.com\/es\/#website"},"primaryImageOfPage":{"@id":"https:\/\/realtyleonard.com\/es\/propiedades\/increible-apartamento-de-1-dormitorio-cerca-de-la-playa-de-fanabe-en-costa-adeje\/#primaryimage"},"image":{"@id":"https:\/\/realtyleonard.com\/es\/propiedades\/increible-apartamento-de-1-dormitorio-cerca-de-la-playa-de-fanabe-en-costa-adeje\/#primaryimage"},"thumbnailUrl":"https:\/\/realtyleonard.com\/wp-content\/uploads\/2025\/10\/20250915-15-Leonard-Realty-Andrea-C-Yucca-Park-1.jpg","datePublished":"2025-10-21T21:30:24+00:00","dateModified":"2025-10-21T21:31:53+00:00","breadcrumb":{"@id":"https:\/\/realtyleonard.com\/es\/propiedades\/increible-apartamento-de-1-dormitorio-cerca-de-la-playa-de-fanabe-en-costa-adeje\/#breadcrumb"},"inLanguage":"es","potentialAction":[{"@type":"ReadAction","target":["https:\/\/realtyleonard.com\/es\/propiedades\/increible-apartamento-de-1-dormitorio-cerca-de-la-playa-de-fanabe-en-costa-adeje\/"]}]},{"@type":"ImageObject","inLanguage":"es","@id":"https:\/\/realtyleonard.com\/es\/propiedades\/increible-apartamento-de-1-dormitorio-cerca-de-la-playa-de-fanabe-en-costa-adeje\/#primaryimage","url":"https:\/\/realtyleonard.com\/wp-content\/uploads\/2025\/10\/20250915-15-Leonard-Realty-Andrea-C-Yucca-Park-1.jpg","contentUrl":"https:\/\/realtyleonard.com\/wp-content\/uploads\/2025\/10\/20250915-15-Leonard-Realty-Andrea-C-Yucca-Park-1.jpg","width":2500,"height":1667},{"@type":"BreadcrumbList","@id":"https:\/\/realtyleonard.com\/es\/propiedades\/increible-apartamento-de-1-dormitorio-cerca-de-la-playa-de-fanabe-en-costa-adeje\/#breadcrumb","itemListElement":[{"@type":"ListItem","position":1,"name":"\u0413\u043b\u0430\u0432\u043d\u0430\u044f \u0441\u0442\u0440\u0430\u043d\u0438\u0446\u0430","item":"https:\/\/realtyleonard.com\/es\/inicio\/"},{"@type":"ListItem","position":2,"name":"Property Finder","item":"https:\/\/realtyleonard.com\/es\/propiedades\/"},{"@type":"ListItem","position":3,"name":"Incre\u00edble apartamento de 1 dormitorio cerca de la playa de Fa\u00f1abe en Costa Adeje"}]},{"@type":"WebSite","@id":"https:\/\/realtyleonard.com\/es\/#website","url":"https:\/\/realtyleonard.com\/es\/","name":"Leonard Realty","description":"Luxury Real Estate","publisher":{"@id":"https:\/\/realtyleonard.com\/es\/#organization"},"potentialAction":[{"@type":"SearchAction","target":{"@type":"EntryPoint","urlTemplate":"https:\/\/realtyleonard.com\/es\/?s={search_term_string}"},"query-input":{"@type":"PropertyValueSpecification","valueRequired":true,"valueName":"search_term_string"}}],"inLanguage":"es"},{"@type":"Organization","@id":"https:\/\/realtyleonard.com\/es\/#organization","name":"Leonard Realty","url":"https:\/\/realtyleonard.com\/es\/","logo":{"@type":"ImageObject","inLanguage":"es","@id":"https:\/\/realtyleonard.com\/es\/#\/schema\/logo\/image\/","url":"https:\/\/realtyleonard.com\/wp-content\/uploads\/2021\/03\/leonard_logo_sfondo_scuro1.png","contentUrl":"https:\/\/realtyleonard.com\/wp-content\/uploads\/2021\/03\/leonard_logo_sfondo_scuro1.png","width":859,"height":888,"caption":"Leonard Realty"},"image":{"@id":"https:\/\/realtyleonard.com\/es\/#\/schema\/logo\/image\/"}}]}},"_links":{"self":[{"href":"https:\/\/realtyleonard.com\/es\/wp-json\/wp\/v2\/product\/8772","targetHints":{"allow":["GET"]}}],"collection":[{"href":"https:\/\/realtyleonard.com\/es\/wp-json\/wp\/v2\/product"}],"about":[{"href":"https:\/\/realtyleonard.com\/es\/wp-json\/wp\/v2\/types\/product"}],"version-history":[{"count":0,"href":"https:\/\/realtyleonard.com\/es\/wp-json\/wp\/v2\/product\/8772\/revisions"}],"wp:featuredmedia":[{"embeddable":true,"href":"https:\/\/realtyleonard.com\/es\/wp-json\/wp\/v2\/media\/8742"}],"wp:attachment":[{"href":"https:\/\/realtyleonard.com\/es\/wp-json\/wp\/v2\/media?parent=8772"}],"wp:term":[{"taxonomy":"product_brand","embeddable":true,"href":"https:\/\/realtyleonard.com\/es\/wp-json\/wp\/v2\/product_brand?post=8772"},{"taxonomy":"product_cat","embeddable":true,"href":"https:\/\/realtyleonard.com\/es\/wp-json\/wp\/v2\/product_cat?post=8772"},{"taxonomy":"product_tag","embeddable":true,"href":"https:\/\/realtyleonard.com\/es\/wp-json\/wp\/v2\/product_tag?post=8772"}],"curies":[{"name":"wp","href":"https:\/\/api.w.org\/{rel}","templated":true}]}}