{"id":8690,"date":"2025-10-21T20:30:49","date_gmt":"2025-10-21T20:30:49","guid":{"rendered":"https:\/\/realtyleonard.com\/property-finder\/fantastico-apartamento-de-2-dormitorios-y-2-banos-en-los-cristianos-diamantes-1\/"},"modified":"2025-10-21T20:30:49","modified_gmt":"2025-10-21T20:30:49","slug":"fantastico-apartamento-de-2-dormitorios-y-2-banos-en-los-cristianos-diamantes-1","status":"publish","type":"product","link":"https:\/\/realtyleonard.com\/es\/propiedades\/fantastico-apartamento-de-2-dormitorios-y-2-banos-en-los-cristianos-diamantes-1\/","title":{"rendered":"Fant\u00e1stico apartamento de 2 dormitorios y 2 ba\u00f1os en Los Cristianos- Diamantes 1"},"content":{"rendered":"<h3 data-start=\"141\" data-end=\"222\">Apartamento con Vistas al Mar en Los Cristianos &#8211; Residencial Los Diamantes I<\/h3>\n<p data-start=\"224\" data-end=\"427\">Te presentamos este bonito apartamento situado en la conocida <strong data-start=\"283\" data-end=\"320\">urbanizaci\u00f3n Los Diamantes<\/strong> de Los Cristianos, a pocos minutos del <strong data-start=\"368\" data-end=\"396\">Centro Comercial Pasarela<\/strong> y de todos los servicios esenciales.<\/p>\n<p data-start=\"429\" data-end=\"674\">La vivienda cuenta con <strong data-start=\"451\" data-end=\"465\">2 dormitorios<\/strong>, <strong data-start=\"467\" data-end=\"487\">2 ba\u00f1os completos<\/strong>, un <strong data-start=\"491\" data-end=\"520\">luminoso sal\u00f3n-comedor<\/strong> con <strong data-start=\"528\" data-end=\"564\">cocina americana totalmente equipada<\/strong> y una <strong data-start=\"572\" data-end=\"606\">terraza privada con vistas al mar<\/strong>, perfecta para disfrutar del agradable clima de Tenerife durante todo el a\u00f1o.<\/p>\n<p data-start=\"676\" data-end=\"958\">El complejo, bien mantenido y muy apreciado, ofrece <strong data-start=\"733\" data-end=\"761\">bonitas zonas comunes<\/strong> y una <strong data-start=\"768\" data-end=\"811\">piscina climatizada recientemente renovada<\/strong>. Su ubicaci\u00f3n combina un ambiente tranquilo con la comodidad de tener supermercados, restaurantes y zonas de ocio a un paso. <\/p>\n<p data-start=\"960\" data-end=\"1042\">Una <strong data-start=\"963\" data-end=\"979\">opci\u00f3n ideal<\/strong> tanto como residencia permanente como para largas estancias junto al mar.<\/p>\n","protected":false},"excerpt":{"rendered":"<p>La vivienda cuenta con <strong data-start=\"451\" data-end=\"465\">2 dormitorios<\/strong>, <strong data-start=\"467\" data-end=\"487\">2 ba\u00f1os completos<\/strong>, un <strong data-start=\"491\" data-end=\"520\">luminoso sal\u00f3n-comedor<\/strong> con <strong data-start=\"528\" data-end=\"564\">cocina americana totalmente equipada<\/strong> y una <strong data-start=\"572\" data-end=\"606\">terraza privada con vistas al mar<\/strong>, perfecta para disfrutar del agradable clima de Tenerife durante todo el a\u00f1o.<\/p>\n","protected":false},"featured_media":8660,"template":"","meta":{"_acf_changed":false},"product_brand":[],"product_cat":[296],"product_tag":[303],"class_list":{"0":"post-8690","1":"product","2":"type-product","3":"status-publish","4":"has-post-thumbnail","6":"product_cat-piso-apartamento","7":"product_tag-los-cristianos-es","9":"entry","10":"has-media","12":"first","13":"instock","14":"shipping-taxable","15":"purchasable","16":"product-type-simple","17":"col","18":"span_1_of_3","19":"owp-content-center","20":"owp-thumbs-layout-horizontal","21":"owp-btn-normal","22":"owp-tabs-layout-horizontal"},"acf":[],"yoast_head":"<!-- This site is optimized with the Yoast SEO plugin v27.2 - https:\/\/yoast.com\/product\/yoast-seo-wordpress\/ -->\n<title>Fant\u00e1stico apartamento de 2 dormitorios y 2 ba\u00f1os en Los Cristianos- Diamantes 1 - Leonard Realty<\/title>\n<meta name=\"robots\" content=\"index, follow, max-snippet:-1, max-image-preview:large, max-video-preview:-1\" \/>\n<link rel=\"canonical\" href=\"https:\/\/realtyleonard.com\/es\/propiedades\/fantastico-apartamento-de-2-dormitorios-y-2-banos-en-los-cristianos-diamantes-1\/\" \/>\n<meta property=\"og:locale\" content=\"es_ES\" \/>\n<meta property=\"og:type\" content=\"article\" \/>\n<meta property=\"og:title\" content=\"Fant\u00e1stico apartamento de 2 dormitorios y 2 ba\u00f1os en Los Cristianos- Diamantes 1 - Leonard Realty\" \/>\n<meta property=\"og:description\" content=\"La vivienda cuenta con 2 dormitorios, 2 ba\u00f1os completos, un luminoso sal\u00f3n-comedor con cocina americana totalmente equipada y una terraza privada con vistas al mar, perfecta para disfrutar del agradable clima de Tenerife durante todo el a\u00f1o.\" \/>\n<meta property=\"og:url\" content=\"https:\/\/realtyleonard.com\/es\/propiedades\/fantastico-apartamento-de-2-dormitorios-y-2-banos-en-los-cristianos-diamantes-1\/\" \/>\n<meta property=\"og:site_name\" content=\"Leonard Realty\" \/>\n<meta property=\"og:image\" content=\"https:\/\/realtyleonard.com\/wp-content\/uploads\/2025\/10\/20250925-15-Leonard-Realty-Andrea-C-Diamantes-1-1-1024x683.jpg\" \/>\n\t<meta property=\"og:image:width\" content=\"1024\" \/>\n\t<meta property=\"og:image:height\" content=\"683\" \/>\n\t<meta property=\"og:image:type\" content=\"image\/jpeg\" \/>\n<meta name=\"twitter:card\" content=\"summary_large_image\" \/>\n<meta name=\"twitter:label1\" content=\"Tiempo de lectura\" \/>\n\t<meta name=\"twitter:data1\" content=\"1 minuto\" \/>\n<script type=\"application\/ld+json\" class=\"yoast-schema-graph\">{\"@context\":\"https:\/\/schema.org\",\"@graph\":[{\"@type\":\"WebPage\",\"@id\":\"https:\/\/realtyleonard.com\/es\/propiedades\/fantastico-apartamento-de-2-dormitorios-y-2-banos-en-los-cristianos-diamantes-1\/\",\"url\":\"https:\/\/realtyleonard.com\/es\/propiedades\/fantastico-apartamento-de-2-dormitorios-y-2-banos-en-los-cristianos-diamantes-1\/\",\"name\":\"Fant\u00e1stico apartamento de 2 dormitorios y 2 ba\u00f1os en Los Cristianos- Diamantes 1 - Leonard Realty\",\"isPartOf\":{\"@id\":\"https:\/\/realtyleonard.com\/es\/#website\"},\"primaryImageOfPage\":{\"@id\":\"https:\/\/realtyleonard.com\/es\/propiedades\/fantastico-apartamento-de-2-dormitorios-y-2-banos-en-los-cristianos-diamantes-1\/#primaryimage\"},\"image\":{\"@id\":\"https:\/\/realtyleonard.com\/es\/propiedades\/fantastico-apartamento-de-2-dormitorios-y-2-banos-en-los-cristianos-diamantes-1\/#primaryimage\"},\"thumbnailUrl\":\"https:\/\/realtyleonard.com\/wp-content\/uploads\/2025\/10\/20250925-15-Leonard-Realty-Andrea-C-Diamantes-1-1.jpg\",\"datePublished\":\"2025-10-21T20:30:49+00:00\",\"breadcrumb\":{\"@id\":\"https:\/\/realtyleonard.com\/es\/propiedades\/fantastico-apartamento-de-2-dormitorios-y-2-banos-en-los-cristianos-diamantes-1\/#breadcrumb\"},\"inLanguage\":\"es\",\"potentialAction\":[{\"@type\":\"ReadAction\",\"target\":[\"https:\/\/realtyleonard.com\/es\/propiedades\/fantastico-apartamento-de-2-dormitorios-y-2-banos-en-los-cristianos-diamantes-1\/\"]}]},{\"@type\":\"ImageObject\",\"inLanguage\":\"es\",\"@id\":\"https:\/\/realtyleonard.com\/es\/propiedades\/fantastico-apartamento-de-2-dormitorios-y-2-banos-en-los-cristianos-diamantes-1\/#primaryimage\",\"url\":\"https:\/\/realtyleonard.com\/wp-content\/uploads\/2025\/10\/20250925-15-Leonard-Realty-Andrea-C-Diamantes-1-1.jpg\",\"contentUrl\":\"https:\/\/realtyleonard.com\/wp-content\/uploads\/2025\/10\/20250925-15-Leonard-Realty-Andrea-C-Diamantes-1-1.jpg\",\"width\":2500,\"height\":1667},{\"@type\":\"BreadcrumbList\",\"@id\":\"https:\/\/realtyleonard.com\/es\/propiedades\/fantastico-apartamento-de-2-dormitorios-y-2-banos-en-los-cristianos-diamantes-1\/#breadcrumb\",\"itemListElement\":[{\"@type\":\"ListItem\",\"position\":1,\"name\":\"\u0413\u043b\u0430\u0432\u043d\u0430\u044f \u0441\u0442\u0440\u0430\u043d\u0438\u0446\u0430\",\"item\":\"https:\/\/realtyleonard.com\/es\/inicio\/\"},{\"@type\":\"ListItem\",\"position\":2,\"name\":\"Property Finder\",\"item\":\"https:\/\/realtyleonard.com\/es\/propiedades\/\"},{\"@type\":\"ListItem\",\"position\":3,\"name\":\"Fant\u00e1stico apartamento de 2 dormitorios y 2 ba\u00f1os en Los Cristianos- Diamantes 1\"}]},{\"@type\":\"WebSite\",\"@id\":\"https:\/\/realtyleonard.com\/es\/#website\",\"url\":\"https:\/\/realtyleonard.com\/es\/\",\"name\":\"Leonard Realty\",\"description\":\"Luxury Real Estate\",\"publisher\":{\"@id\":\"https:\/\/realtyleonard.com\/es\/#organization\"},\"potentialAction\":[{\"@type\":\"SearchAction\",\"target\":{\"@type\":\"EntryPoint\",\"urlTemplate\":\"https:\/\/realtyleonard.com\/es\/?s={search_term_string}\"},\"query-input\":{\"@type\":\"PropertyValueSpecification\",\"valueRequired\":true,\"valueName\":\"search_term_string\"}}],\"inLanguage\":\"es\"},{\"@type\":\"Organization\",\"@id\":\"https:\/\/realtyleonard.com\/es\/#organization\",\"name\":\"Leonard Realty\",\"url\":\"https:\/\/realtyleonard.com\/es\/\",\"logo\":{\"@type\":\"ImageObject\",\"inLanguage\":\"es\",\"@id\":\"https:\/\/realtyleonard.com\/es\/#\/schema\/logo\/image\/\",\"url\":\"https:\/\/realtyleonard.com\/wp-content\/uploads\/2021\/03\/leonard_logo_sfondo_scuro1.png\",\"contentUrl\":\"https:\/\/realtyleonard.com\/wp-content\/uploads\/2021\/03\/leonard_logo_sfondo_scuro1.png\",\"width\":859,\"height\":888,\"caption\":\"Leonard Realty\"},\"image\":{\"@id\":\"https:\/\/realtyleonard.com\/es\/#\/schema\/logo\/image\/\"}}]}<\/script>\n<!-- \/ Yoast SEO plugin. -->","yoast_head_json":{"title":"Fant\u00e1stico apartamento de 2 dormitorios y 2 ba\u00f1os en Los Cristianos- Diamantes 1 - Leonard Realty","robots":{"index":"index","follow":"follow","max-snippet":"max-snippet:-1","max-image-preview":"max-image-preview:large","max-video-preview":"max-video-preview:-1"},"canonical":"https:\/\/realtyleonard.com\/es\/propiedades\/fantastico-apartamento-de-2-dormitorios-y-2-banos-en-los-cristianos-diamantes-1\/","og_locale":"es_ES","og_type":"article","og_title":"Fant\u00e1stico apartamento de 2 dormitorios y 2 ba\u00f1os en Los Cristianos- Diamantes 1 - Leonard Realty","og_description":"La vivienda cuenta con 2 dormitorios, 2 ba\u00f1os completos, un luminoso sal\u00f3n-comedor con cocina americana totalmente equipada y una terraza privada con vistas al mar, perfecta para disfrutar del agradable clima de Tenerife durante todo el a\u00f1o.","og_url":"https:\/\/realtyleonard.com\/es\/propiedades\/fantastico-apartamento-de-2-dormitorios-y-2-banos-en-los-cristianos-diamantes-1\/","og_site_name":"Leonard Realty","og_image":[{"width":1024,"height":683,"url":"https:\/\/realtyleonard.com\/wp-content\/uploads\/2025\/10\/20250925-15-Leonard-Realty-Andrea-C-Diamantes-1-1-1024x683.jpg","type":"image\/jpeg"}],"twitter_card":"summary_large_image","twitter_misc":{"Tiempo de lectura":"1 minuto"},"schema":{"@context":"https:\/\/schema.org","@graph":[{"@type":"WebPage","@id":"https:\/\/realtyleonard.com\/es\/propiedades\/fantastico-apartamento-de-2-dormitorios-y-2-banos-en-los-cristianos-diamantes-1\/","url":"https:\/\/realtyleonard.com\/es\/propiedades\/fantastico-apartamento-de-2-dormitorios-y-2-banos-en-los-cristianos-diamantes-1\/","name":"Fant\u00e1stico apartamento de 2 dormitorios y 2 ba\u00f1os en Los Cristianos- Diamantes 1 - Leonard Realty","isPartOf":{"@id":"https:\/\/realtyleonard.com\/es\/#website"},"primaryImageOfPage":{"@id":"https:\/\/realtyleonard.com\/es\/propiedades\/fantastico-apartamento-de-2-dormitorios-y-2-banos-en-los-cristianos-diamantes-1\/#primaryimage"},"image":{"@id":"https:\/\/realtyleonard.com\/es\/propiedades\/fantastico-apartamento-de-2-dormitorios-y-2-banos-en-los-cristianos-diamantes-1\/#primaryimage"},"thumbnailUrl":"https:\/\/realtyleonard.com\/wp-content\/uploads\/2025\/10\/20250925-15-Leonard-Realty-Andrea-C-Diamantes-1-1.jpg","datePublished":"2025-10-21T20:30:49+00:00","breadcrumb":{"@id":"https:\/\/realtyleonard.com\/es\/propiedades\/fantastico-apartamento-de-2-dormitorios-y-2-banos-en-los-cristianos-diamantes-1\/#breadcrumb"},"inLanguage":"es","potentialAction":[{"@type":"ReadAction","target":["https:\/\/realtyleonard.com\/es\/propiedades\/fantastico-apartamento-de-2-dormitorios-y-2-banos-en-los-cristianos-diamantes-1\/"]}]},{"@type":"ImageObject","inLanguage":"es","@id":"https:\/\/realtyleonard.com\/es\/propiedades\/fantastico-apartamento-de-2-dormitorios-y-2-banos-en-los-cristianos-diamantes-1\/#primaryimage","url":"https:\/\/realtyleonard.com\/wp-content\/uploads\/2025\/10\/20250925-15-Leonard-Realty-Andrea-C-Diamantes-1-1.jpg","contentUrl":"https:\/\/realtyleonard.com\/wp-content\/uploads\/2025\/10\/20250925-15-Leonard-Realty-Andrea-C-Diamantes-1-1.jpg","width":2500,"height":1667},{"@type":"BreadcrumbList","@id":"https:\/\/realtyleonard.com\/es\/propiedades\/fantastico-apartamento-de-2-dormitorios-y-2-banos-en-los-cristianos-diamantes-1\/#breadcrumb","itemListElement":[{"@type":"ListItem","position":1,"name":"\u0413\u043b\u0430\u0432\u043d\u0430\u044f \u0441\u0442\u0440\u0430\u043d\u0438\u0446\u0430","item":"https:\/\/realtyleonard.com\/es\/inicio\/"},{"@type":"ListItem","position":2,"name":"Property Finder","item":"https:\/\/realtyleonard.com\/es\/propiedades\/"},{"@type":"ListItem","position":3,"name":"Fant\u00e1stico apartamento de 2 dormitorios y 2 ba\u00f1os en Los Cristianos- Diamantes 1"}]},{"@type":"WebSite","@id":"https:\/\/realtyleonard.com\/es\/#website","url":"https:\/\/realtyleonard.com\/es\/","name":"Leonard Realty","description":"Luxury Real Estate","publisher":{"@id":"https:\/\/realtyleonard.com\/es\/#organization"},"potentialAction":[{"@type":"SearchAction","target":{"@type":"EntryPoint","urlTemplate":"https:\/\/realtyleonard.com\/es\/?s={search_term_string}"},"query-input":{"@type":"PropertyValueSpecification","valueRequired":true,"valueName":"search_term_string"}}],"inLanguage":"es"},{"@type":"Organization","@id":"https:\/\/realtyleonard.com\/es\/#organization","name":"Leonard Realty","url":"https:\/\/realtyleonard.com\/es\/","logo":{"@type":"ImageObject","inLanguage":"es","@id":"https:\/\/realtyleonard.com\/es\/#\/schema\/logo\/image\/","url":"https:\/\/realtyleonard.com\/wp-content\/uploads\/2021\/03\/leonard_logo_sfondo_scuro1.png","contentUrl":"https:\/\/realtyleonard.com\/wp-content\/uploads\/2021\/03\/leonard_logo_sfondo_scuro1.png","width":859,"height":888,"caption":"Leonard Realty"},"image":{"@id":"https:\/\/realtyleonard.com\/es\/#\/schema\/logo\/image\/"}}]}},"_links":{"self":[{"href":"https:\/\/realtyleonard.com\/es\/wp-json\/wp\/v2\/product\/8690","targetHints":{"allow":["GET"]}}],"collection":[{"href":"https:\/\/realtyleonard.com\/es\/wp-json\/wp\/v2\/product"}],"about":[{"href":"https:\/\/realtyleonard.com\/es\/wp-json\/wp\/v2\/types\/product"}],"version-history":[{"count":0,"href":"https:\/\/realtyleonard.com\/es\/wp-json\/wp\/v2\/product\/8690\/revisions"}],"wp:featuredmedia":[{"embeddable":true,"href":"https:\/\/realtyleonard.com\/es\/wp-json\/wp\/v2\/media\/8660"}],"wp:attachment":[{"href":"https:\/\/realtyleonard.com\/es\/wp-json\/wp\/v2\/media?parent=8690"}],"wp:term":[{"taxonomy":"product_brand","embeddable":true,"href":"https:\/\/realtyleonard.com\/es\/wp-json\/wp\/v2\/product_brand?post=8690"},{"taxonomy":"product_cat","embeddable":true,"href":"https:\/\/realtyleonard.com\/es\/wp-json\/wp\/v2\/product_cat?post=8690"},{"taxonomy":"product_tag","embeddable":true,"href":"https:\/\/realtyleonard.com\/es\/wp-json\/wp\/v2\/product_tag?post=8690"}],"curies":[{"name":"wp","href":"https:\/\/api.w.org\/{rel}","templated":true}]}}