{"id":8092,"date":"2025-06-10T19:34:56","date_gmt":"2025-06-10T19:34:56","guid":{"rendered":"https:\/\/test.realtyleonard.com\/property-finder\/casa-adosado-en-venta-avenida-de-la-macaronesia-la-caleta\/"},"modified":"2025-10-21T20:42:17","modified_gmt":"2025-10-21T20:42:17","slug":"house-detached-house-for-sale-avenue-de-la-macaronesia-la-caleta","status":"publish","type":"product","link":"https:\/\/realtyleonard.com\/es\/propiedades\/house-detached-house-for-sale-avenue-de-la-macaronesia-la-caleta\/","title":{"rendered":"Villa de lujo, Avenida de la Macaronesia, La Caleta golf , Costa Adeje"},"content":{"rendered":"<p><span style=\"font-weight: 400\">Te presentamos una extraordinaria villa mansi\u00f3n en Tenerife, donde la elegancia atemporal se une al lujo moderno.<\/span><span style=\"font-weight: 400\"><br \/>\n<\/span><span style=\"font-weight: 400\"><br \/>\n<\/span><span style=\"font-weight: 400\">Enclavada en el prestigioso Golf Costa Adeje, esta finca de 2.500 metros cuadrados ofrece una experiencia vital inigualable a s\u00f3lo unos minutos de La Caleta, famosa por sus restaurantes de categor\u00eda mundial y sus impresionantes playas.<\/span><span style=\"font-weight: 400\"><br \/>\n<\/span><span style=\"font-weight: 400\"><br \/>\n<\/span><span style=\"font-weight: 400\">La villa presume de 600 metros cuadrados de exquisito dise\u00f1o, con una gran entrada privada que conduce a una fuente de m\u00e1rmol y una Glorieta de estilo romano, que marca el tono de la elegancia interior.<\/span><span style=\"font-weight: 400\"><br \/>\n<\/span><span style=\"font-weight: 400\"><br \/>\n<\/span><span style=\"font-weight: 400\">Un amplio garaje, con capacidad para cuatro veh\u00edculos, se integra perfectamente en el paisaje, ofreciendo comodidad y estilo.<\/span><span style=\"font-weight: 400\"><br \/>\n<\/span><span style=\"font-weight: 400\"><br \/>\n<\/span><span style=\"font-weight: 400\">Al entrar, te da la bienvenida un encantador recibidor, adornado con una ara\u00f1a de cristal de Murano de 36 luces, que ilumina la majestuosa escalera y el gran sal\u00f3n. Este espacio est\u00e1 ba\u00f1ado de luz natural, gracias a las grandes puertas francesas que dan al exuberante jard\u00edn. <\/span><span style=\"font-weight: 400\"><br \/>\n<\/span><span style=\"font-weight: 400\"><br \/>\n<\/span><span style=\"font-weight: 400\">La cocina totalmente equipada, con hipnotizantes vistas al oc\u00e9ano, ofrece acceso directo al jard\u00edn y a la zona de la piscina, ideal para reuniones y entretenimiento al aire libre.<\/span><span style=\"font-weight: 400\"><br \/>\n<\/span><span style=\"font-weight: 400\"><br \/>\n<\/span><span style=\"font-weight: 400\">La villa incluye dos zonas de comedor: un \u00edntimo espacio interior para cenas privadas y una amplia terraza exterior para cenar al aire libre.<\/span><span style=\"font-weight: 400\"><br \/>\n<\/span><span style=\"font-weight: 400\"><br \/>\n<\/span><span style=\"font-weight: 400\">En la planta baja, encontrar\u00e1s tres dormitorios en suite, cada uno con su propia terraza privada, que ofrecen vistas serenas y la m\u00e1xima intimidad.<\/span><span style=\"font-weight: 400\"><br \/>\n<\/span><span style=\"font-weight: 400\"><br \/>\n<\/span><span style=\"font-weight: 400\">La suite principal de la planta superior es un verdadero santuario, con vestidor y varias terrazas con vistas panor\u00e1micas al mar y a la ciudad.<\/span><span style=\"font-weight: 400\"><br \/>\n<\/span><span style=\"font-weight: 400\"><br \/>\n<\/span><span style=\"font-weight: 400\">A la singularidad de esta propiedad se a\u00f1ade un apartamento independiente de dos dormitorios con acceso privado, perfecto para invitados o la familia ampliada.<\/span><span style=\"font-weight: 400\"><br \/>\n<\/span><span style=\"font-weight: 400\"><br \/>\n<\/span><span style=\"font-weight: 400\">Todas las plantas est\u00e1n conectadas por un ascensor, lo que garantiza la facilidad de movimiento por toda la casa. La zona exterior es un para\u00edso, con una impresionante piscina, un sol\u00e1rium ba\u00f1ado por el sol, un bar privado y una zona de barbacoa totalmente equipada, perfecta para entretener a los invitados con estilo. <\/span><span style=\"font-weight: 400\"><br \/>\n<\/span><span style=\"font-weight: 400\"><br \/>\n<\/span><span style=\"font-weight: 400\">Las elegantes pasarelas exteriores, que recuerdan a las de un hotel de lujo, realzan el encanto de la villa, complementado por un sistema dom\u00e9stico inteligente con controles dom\u00f3ticos avanzados y una alarma de seguridad de \u00faltima generaci\u00f3n.<\/span><span style=\"font-weight: 400\"><br \/>\n<\/span><span style=\"font-weight: 400\"><br \/>\n<\/span><span style=\"font-weight: 400\">Situada en un barrio exclusivo con f\u00e1cil acceso a los servicios esenciales, esta villa ofrece un estilo de vida de lujo y confort incomparables en Golf Costa Adeje y La Caleta.<\/span><span style=\"font-weight: 400\"><br \/>\n<\/span><span style=\"font-weight: 400\"><br \/>\n<\/span><span style=\"font-weight: 400\">Superficie construida:<\/span><span style=\"font-weight: 400\"><br \/>\n<\/span><span style=\"font-weight: 400\">&#8211; Planta baja:<\/span><span style=\"font-weight: 400\"><br \/>\n<\/span><span style=\"font-weight: 400\">Superficie habitable: 296 m\u00b2<\/span><span style=\"font-weight: 400\"><br \/>\n<\/span><span style=\"font-weight: 400\">Superficie habitable + Terrazas cubiertas: 392 m\u00b2<\/span><span style=\"font-weight: 400\"><br \/>\n<\/span><span style=\"font-weight: 400\">&#8211; Primera planta:<\/span><span style=\"font-weight: 400\"><br \/>\n<\/span><span style=\"font-weight: 400\">Superficie habitable: 103 m\u00b2<\/span><span style=\"font-weight: 400\"><br \/>\n<\/span><span style=\"font-weight: 400\">Terrazas adicionales: 100 m\u00b2<\/span><span style=\"font-weight: 400\"><br \/>\n<\/span><span style=\"font-weight: 400\">&#8211; Apartamento independiente de dos dormitorios y dos ba\u00f1os:<\/span><span style=\"font-weight: 400\"><br \/>\n<\/span><span style=\"font-weight: 400\">Superficie: 114 m\u00b2<\/span><span style=\"font-weight: 400\"><br \/>\n<\/span><span style=\"font-weight: 400\"><br \/>\n<\/span><span style=\"font-weight: 400\">Caracter\u00edsticas adicionales:<\/span><span style=\"font-weight: 400\"><br \/>\n<\/span><span style=\"font-weight: 400\">&#8211; Garaje: 52 m\u00b2<\/span><span style=\"font-weight: 400\"><br \/>\n<\/span><span style=\"font-weight: 400\">&#8211; P\u00e9rgola: 23 m\u00b2<\/span><span style=\"font-weight: 400\"><br \/>\n<\/span><span style=\"font-weight: 400\">&#8211; Bar + WC exterior: 18 m\u00b2<\/span><span style=\"font-weight: 400\"><br \/>\n<\/span><span style=\"font-weight: 400\"><br \/>\n<\/span><span style=\"font-weight: 400\">Superficie total construida: 610 m\u00b2<\/span><span style=\"font-weight: 400\"><br \/>\n<\/span><span style=\"font-weight: 400\">Superficie total de la parcela: 2.502 m\u00b2<\/span><span style=\"font-weight: 400\"><br \/>\n<\/span><span style=\"font-weight: 400\"><br \/>\n<\/span><span style=\"font-weight: 400\">Dormitorios y ba\u00f1os:<\/span><span style=\"font-weight: 400\"><br \/>\n<\/span><span style=\"font-weight: 400\">&#8211; 6 Dormitorios con ba\u00f1o (incluido un dormitorio principal que ocupa toda la planta superior)<\/span><span style=\"font-weight: 400\"><br \/>\n<\/span><span style=\"font-weight: 400\">&#8211; 2 Grandes armarios empotrados (24 m\u00b2)<\/span><span style=\"font-weight: 400\"><br \/>\n<\/span><span style=\"font-weight: 400\">&#8211; 1 Despacho (convertible en armario independiente o habitaci\u00f3n infantil)<\/span><span style=\"font-weight: 400\"><br \/>\n<\/span><span style=\"font-weight: 400\">&#8211; Terrazas privadas para todos los dormitorios principales<\/span><span style=\"font-weight: 400\"><br \/>\n<\/span><span style=\"font-weight: 400\">&#8211; 9 Ba\u00f1os y aseos (6 ba\u00f1os completos y 3 aseos de invitados)<\/span><span style=\"font-weight: 400\"><br \/>\n<\/span><span style=\"font-weight: 400\"><br \/>\n<\/span><span style=\"font-weight: 400\">Servicios adicionales:<\/span><span style=\"font-weight: 400\"><br \/>\n<\/span><span style=\"font-weight: 400\">&#8211; 2 Cocinas totalmente equipadas<\/span><span style=\"font-weight: 400\"><br \/>\n<\/span><span style=\"font-weight: 400\">&#8211; Lavadero<\/span><span style=\"font-weight: 400\"><br \/>\n<\/span><span style=\"font-weight: 400\">&#8211; Paneles solares<\/span><span style=\"font-weight: 400\"><br \/>\n<\/span><span style=\"font-weight: 400\">&#8211; Sistema Dom\u00f3tico Avanzado con C\u00e1maras<\/span><span style=\"font-weight: 400\"><br \/>\n<\/span><span style=\"font-weight: 400\">&#8211; Sala de Control de la Piscina y Sistemas El\u00e9ctricos.<\/span><\/p>\n","protected":false},"excerpt":{"rendered":"<p><span style=\"font-weight: 400\">Presentamos una extraordinaria villa mansi\u00f3n en Tenerife, donde la elegancia atemporal se une al lujo moderno, enclavada en el prestigioso Golf Costa Adeje, en una extensa finca de 2.500 m\u00b2. A s\u00f3lo unos minutos de los restaurantes de primera clase y las impresionantes playas de La Caleta, esta obra maestra arquitect\u00f3nica cuenta con 610 m\u00b2 de exquisito dise\u00f1o, con una gran entrada privada con una fuente de m\u00e1rmol y una Glorieta de estilo romano. Los interiores est\u00e1n adornados con lujosos muebles Roche Bobois, iluminados por una ara\u00f1a de cristal de Murano de 3 luces y ba\u00f1ados por la luz natural de enormes puertas francesas.<\/span><\/p>\n","protected":false},"featured_media":6733,"template":"","meta":{"_acf_changed":false},"product_brand":[],"product_cat":[299],"product_tag":[300],"class_list":{"0":"post-8092","1":"product","2":"type-product","3":"status-publish","4":"has-post-thumbnail","6":"product_cat-casa-casa-adosada","7":"product_tag-la-caleta-es","9":"entry","10":"has-media","12":"first","13":"instock","14":"featured","15":"shipping-taxable","16":"product-type-simple","17":"col","18":"span_1_of_3","19":"owp-content-center","20":"owp-thumbs-layout-horizontal","21":"owp-btn-normal","22":"owp-tabs-layout-horizontal"},"acf":[],"yoast_head":"<!-- This site is optimized with the Yoast SEO plugin v27.2 - https:\/\/yoast.com\/product\/yoast-seo-wordpress\/ -->\n<title>Villa de lujo, Avenida de la Macaronesia, La Caleta golf , Costa Adeje - Leonard Realty<\/title>\n<meta name=\"robots\" content=\"index, follow, max-snippet:-1, max-image-preview:large, max-video-preview:-1\" \/>\n<link rel=\"canonical\" href=\"https:\/\/realtyleonard.com\/es\/propiedades\/house-detached-house-for-sale-avenue-de-la-macaronesia-la-caleta\/\" \/>\n<meta property=\"og:locale\" content=\"es_ES\" \/>\n<meta property=\"og:type\" content=\"article\" \/>\n<meta property=\"og:title\" content=\"Villa de lujo, Avenida de la Macaronesia, La Caleta golf , Costa Adeje - Leonard Realty\" \/>\n<meta property=\"og:description\" content=\"Presentamos una extraordinaria villa mansi\u00f3n en Tenerife, donde la elegancia atemporal se une al lujo moderno, enclavada en el prestigioso Golf Costa Adeje, en una extensa finca de 2.500 m\u00b2. A s\u00f3lo unos minutos de los restaurantes de primera clase y las impresionantes playas de La Caleta, esta obra maestra arquitect\u00f3nica cuenta con 610 m\u00b2 de exquisito dise\u00f1o, con una gran entrada privada con una fuente de m\u00e1rmol y una Glorieta de estilo romano. Los interiores est\u00e1n adornados con lujosos muebles Roche Bobois, iluminados por una ara\u00f1a de cristal de Murano de 3 luces y ba\u00f1ados por la luz natural de enormes puertas francesas.\" \/>\n<meta property=\"og:url\" content=\"https:\/\/realtyleonard.com\/es\/propiedades\/house-detached-house-for-sale-avenue-de-la-macaronesia-la-caleta\/\" \/>\n<meta property=\"og:site_name\" content=\"Leonard Realty\" \/>\n<meta property=\"article:modified_time\" content=\"2025-10-21T20:42:17+00:00\" \/>\n<meta property=\"og:image\" content=\"https:\/\/realtyleonard.com\/wp-content\/uploads\/2025\/06\/1266463762.jpg\" \/>\n\t<meta property=\"og:image:width\" content=\"1500\" \/>\n\t<meta property=\"og:image:height\" content=\"948\" \/>\n\t<meta property=\"og:image:type\" content=\"image\/jpeg\" \/>\n<meta name=\"twitter:card\" content=\"summary_large_image\" \/>\n<meta name=\"twitter:label1\" content=\"Tiempo de lectura\" \/>\n\t<meta name=\"twitter:data1\" content=\"3 minutos\" \/>\n<script type=\"application\/ld+json\" class=\"yoast-schema-graph\">{\"@context\":\"https:\/\/schema.org\",\"@graph\":[{\"@type\":\"WebPage\",\"@id\":\"https:\/\/realtyleonard.com\/es\/propiedades\/house-detached-house-for-sale-avenue-de-la-macaronesia-la-caleta\/\",\"url\":\"https:\/\/realtyleonard.com\/es\/propiedades\/house-detached-house-for-sale-avenue-de-la-macaronesia-la-caleta\/\",\"name\":\"Villa de lujo, Avenida de la Macaronesia, La Caleta golf , Costa Adeje - Leonard Realty\",\"isPartOf\":{\"@id\":\"https:\/\/realtyleonard.com\/es\/#website\"},\"primaryImageOfPage\":{\"@id\":\"https:\/\/realtyleonard.com\/es\/propiedades\/house-detached-house-for-sale-avenue-de-la-macaronesia-la-caleta\/#primaryimage\"},\"image\":{\"@id\":\"https:\/\/realtyleonard.com\/es\/propiedades\/house-detached-house-for-sale-avenue-de-la-macaronesia-la-caleta\/#primaryimage\"},\"thumbnailUrl\":\"https:\/\/realtyleonard.com\/wp-content\/uploads\/2025\/06\/1266463762.jpg\",\"datePublished\":\"2025-06-10T19:34:56+00:00\",\"dateModified\":\"2025-10-21T20:42:17+00:00\",\"breadcrumb\":{\"@id\":\"https:\/\/realtyleonard.com\/es\/propiedades\/house-detached-house-for-sale-avenue-de-la-macaronesia-la-caleta\/#breadcrumb\"},\"inLanguage\":\"es\",\"potentialAction\":[{\"@type\":\"ReadAction\",\"target\":[\"https:\/\/realtyleonard.com\/es\/propiedades\/house-detached-house-for-sale-avenue-de-la-macaronesia-la-caleta\/\"]}]},{\"@type\":\"ImageObject\",\"inLanguage\":\"es\",\"@id\":\"https:\/\/realtyleonard.com\/es\/propiedades\/house-detached-house-for-sale-avenue-de-la-macaronesia-la-caleta\/#primaryimage\",\"url\":\"https:\/\/realtyleonard.com\/wp-content\/uploads\/2025\/06\/1266463762.jpg\",\"contentUrl\":\"https:\/\/realtyleonard.com\/wp-content\/uploads\/2025\/06\/1266463762.jpg\",\"width\":1500,\"height\":948},{\"@type\":\"BreadcrumbList\",\"@id\":\"https:\/\/realtyleonard.com\/es\/propiedades\/house-detached-house-for-sale-avenue-de-la-macaronesia-la-caleta\/#breadcrumb\",\"itemListElement\":[{\"@type\":\"ListItem\",\"position\":1,\"name\":\"\u0413\u043b\u0430\u0432\u043d\u0430\u044f \u0441\u0442\u0440\u0430\u043d\u0438\u0446\u0430\",\"item\":\"https:\/\/realtyleonard.com\/es\/inicio\/\"},{\"@type\":\"ListItem\",\"position\":2,\"name\":\"Property Finder\",\"item\":\"https:\/\/realtyleonard.com\/es\/propiedades\/\"},{\"@type\":\"ListItem\",\"position\":3,\"name\":\"Villa de lujo, Avenida de la Macaronesia, La Caleta golf , Costa Adeje\"}]},{\"@type\":\"WebSite\",\"@id\":\"https:\/\/realtyleonard.com\/es\/#website\",\"url\":\"https:\/\/realtyleonard.com\/es\/\",\"name\":\"Leonard Realty\",\"description\":\"Luxury Real Estate\",\"publisher\":{\"@id\":\"https:\/\/realtyleonard.com\/es\/#organization\"},\"potentialAction\":[{\"@type\":\"SearchAction\",\"target\":{\"@type\":\"EntryPoint\",\"urlTemplate\":\"https:\/\/realtyleonard.com\/es\/?s={search_term_string}\"},\"query-input\":{\"@type\":\"PropertyValueSpecification\",\"valueRequired\":true,\"valueName\":\"search_term_string\"}}],\"inLanguage\":\"es\"},{\"@type\":\"Organization\",\"@id\":\"https:\/\/realtyleonard.com\/es\/#organization\",\"name\":\"Leonard Realty\",\"url\":\"https:\/\/realtyleonard.com\/es\/\",\"logo\":{\"@type\":\"ImageObject\",\"inLanguage\":\"es\",\"@id\":\"https:\/\/realtyleonard.com\/es\/#\/schema\/logo\/image\/\",\"url\":\"https:\/\/realtyleonard.com\/wp-content\/uploads\/2021\/03\/leonard_logo_sfondo_scuro1.png\",\"contentUrl\":\"https:\/\/realtyleonard.com\/wp-content\/uploads\/2021\/03\/leonard_logo_sfondo_scuro1.png\",\"width\":859,\"height\":888,\"caption\":\"Leonard Realty\"},\"image\":{\"@id\":\"https:\/\/realtyleonard.com\/es\/#\/schema\/logo\/image\/\"}}]}<\/script>\n<!-- \/ Yoast SEO plugin. -->","yoast_head_json":{"title":"Villa de lujo, Avenida de la Macaronesia, La Caleta golf , Costa Adeje - Leonard Realty","robots":{"index":"index","follow":"follow","max-snippet":"max-snippet:-1","max-image-preview":"max-image-preview:large","max-video-preview":"max-video-preview:-1"},"canonical":"https:\/\/realtyleonard.com\/es\/propiedades\/house-detached-house-for-sale-avenue-de-la-macaronesia-la-caleta\/","og_locale":"es_ES","og_type":"article","og_title":"Villa de lujo, Avenida de la Macaronesia, La Caleta golf , Costa Adeje - Leonard Realty","og_description":"Presentamos una extraordinaria villa mansi\u00f3n en Tenerife, donde la elegancia atemporal se une al lujo moderno, enclavada en el prestigioso Golf Costa Adeje, en una extensa finca de 2.500 m\u00b2. A s\u00f3lo unos minutos de los restaurantes de primera clase y las impresionantes playas de La Caleta, esta obra maestra arquitect\u00f3nica cuenta con 610 m\u00b2 de exquisito dise\u00f1o, con una gran entrada privada con una fuente de m\u00e1rmol y una Glorieta de estilo romano. Los interiores est\u00e1n adornados con lujosos muebles Roche Bobois, iluminados por una ara\u00f1a de cristal de Murano de 3 luces y ba\u00f1ados por la luz natural de enormes puertas francesas.","og_url":"https:\/\/realtyleonard.com\/es\/propiedades\/house-detached-house-for-sale-avenue-de-la-macaronesia-la-caleta\/","og_site_name":"Leonard Realty","article_modified_time":"2025-10-21T20:42:17+00:00","og_image":[{"width":1500,"height":948,"url":"https:\/\/realtyleonard.com\/wp-content\/uploads\/2025\/06\/1266463762.jpg","type":"image\/jpeg"}],"twitter_card":"summary_large_image","twitter_misc":{"Tiempo de lectura":"3 minutos"},"schema":{"@context":"https:\/\/schema.org","@graph":[{"@type":"WebPage","@id":"https:\/\/realtyleonard.com\/es\/propiedades\/house-detached-house-for-sale-avenue-de-la-macaronesia-la-caleta\/","url":"https:\/\/realtyleonard.com\/es\/propiedades\/house-detached-house-for-sale-avenue-de-la-macaronesia-la-caleta\/","name":"Villa de lujo, Avenida de la Macaronesia, La Caleta golf , Costa Adeje - Leonard Realty","isPartOf":{"@id":"https:\/\/realtyleonard.com\/es\/#website"},"primaryImageOfPage":{"@id":"https:\/\/realtyleonard.com\/es\/propiedades\/house-detached-house-for-sale-avenue-de-la-macaronesia-la-caleta\/#primaryimage"},"image":{"@id":"https:\/\/realtyleonard.com\/es\/propiedades\/house-detached-house-for-sale-avenue-de-la-macaronesia-la-caleta\/#primaryimage"},"thumbnailUrl":"https:\/\/realtyleonard.com\/wp-content\/uploads\/2025\/06\/1266463762.jpg","datePublished":"2025-06-10T19:34:56+00:00","dateModified":"2025-10-21T20:42:17+00:00","breadcrumb":{"@id":"https:\/\/realtyleonard.com\/es\/propiedades\/house-detached-house-for-sale-avenue-de-la-macaronesia-la-caleta\/#breadcrumb"},"inLanguage":"es","potentialAction":[{"@type":"ReadAction","target":["https:\/\/realtyleonard.com\/es\/propiedades\/house-detached-house-for-sale-avenue-de-la-macaronesia-la-caleta\/"]}]},{"@type":"ImageObject","inLanguage":"es","@id":"https:\/\/realtyleonard.com\/es\/propiedades\/house-detached-house-for-sale-avenue-de-la-macaronesia-la-caleta\/#primaryimage","url":"https:\/\/realtyleonard.com\/wp-content\/uploads\/2025\/06\/1266463762.jpg","contentUrl":"https:\/\/realtyleonard.com\/wp-content\/uploads\/2025\/06\/1266463762.jpg","width":1500,"height":948},{"@type":"BreadcrumbList","@id":"https:\/\/realtyleonard.com\/es\/propiedades\/house-detached-house-for-sale-avenue-de-la-macaronesia-la-caleta\/#breadcrumb","itemListElement":[{"@type":"ListItem","position":1,"name":"\u0413\u043b\u0430\u0432\u043d\u0430\u044f \u0441\u0442\u0440\u0430\u043d\u0438\u0446\u0430","item":"https:\/\/realtyleonard.com\/es\/inicio\/"},{"@type":"ListItem","position":2,"name":"Property Finder","item":"https:\/\/realtyleonard.com\/es\/propiedades\/"},{"@type":"ListItem","position":3,"name":"Villa de lujo, Avenida de la Macaronesia, La Caleta golf , Costa Adeje"}]},{"@type":"WebSite","@id":"https:\/\/realtyleonard.com\/es\/#website","url":"https:\/\/realtyleonard.com\/es\/","name":"Leonard Realty","description":"Luxury Real Estate","publisher":{"@id":"https:\/\/realtyleonard.com\/es\/#organization"},"potentialAction":[{"@type":"SearchAction","target":{"@type":"EntryPoint","urlTemplate":"https:\/\/realtyleonard.com\/es\/?s={search_term_string}"},"query-input":{"@type":"PropertyValueSpecification","valueRequired":true,"valueName":"search_term_string"}}],"inLanguage":"es"},{"@type":"Organization","@id":"https:\/\/realtyleonard.com\/es\/#organization","name":"Leonard Realty","url":"https:\/\/realtyleonard.com\/es\/","logo":{"@type":"ImageObject","inLanguage":"es","@id":"https:\/\/realtyleonard.com\/es\/#\/schema\/logo\/image\/","url":"https:\/\/realtyleonard.com\/wp-content\/uploads\/2021\/03\/leonard_logo_sfondo_scuro1.png","contentUrl":"https:\/\/realtyleonard.com\/wp-content\/uploads\/2021\/03\/leonard_logo_sfondo_scuro1.png","width":859,"height":888,"caption":"Leonard Realty"},"image":{"@id":"https:\/\/realtyleonard.com\/es\/#\/schema\/logo\/image\/"}}]}},"_links":{"self":[{"href":"https:\/\/realtyleonard.com\/es\/wp-json\/wp\/v2\/product\/8092","targetHints":{"allow":["GET"]}}],"collection":[{"href":"https:\/\/realtyleonard.com\/es\/wp-json\/wp\/v2\/product"}],"about":[{"href":"https:\/\/realtyleonard.com\/es\/wp-json\/wp\/v2\/types\/product"}],"version-history":[{"count":0,"href":"https:\/\/realtyleonard.com\/es\/wp-json\/wp\/v2\/product\/8092\/revisions"}],"wp:featuredmedia":[{"embeddable":true,"href":"https:\/\/realtyleonard.com\/es\/wp-json\/wp\/v2\/media\/6733"}],"wp:attachment":[{"href":"https:\/\/realtyleonard.com\/es\/wp-json\/wp\/v2\/media?parent=8092"}],"wp:term":[{"taxonomy":"product_brand","embeddable":true,"href":"https:\/\/realtyleonard.com\/es\/wp-json\/wp\/v2\/product_brand?post=8092"},{"taxonomy":"product_cat","embeddable":true,"href":"https:\/\/realtyleonard.com\/es\/wp-json\/wp\/v2\/product_cat?post=8092"},{"taxonomy":"product_tag","embeddable":true,"href":"https:\/\/realtyleonard.com\/es\/wp-json\/wp\/v2\/product_tag?post=8092"}],"curies":[{"name":"wp","href":"https:\/\/api.w.org\/{rel}","templated":true}]}}