{"id":8088,"date":"2025-06-11T15:10:43","date_gmt":"2025-06-11T15:10:43","guid":{"rendered":"https:\/\/test.realtyleonard.com\/property-finder\/apartamento-en-venta-calle-aljibe-18-playa-paraiso-adeje\/"},"modified":"2025-10-21T20:41:37","modified_gmt":"2025-10-21T20:41:37","slug":"flat-for-sale-street-aljibe-18-playa-paraiso-adeje","status":"publish","type":"product","link":"https:\/\/realtyleonard.com\/es\/propiedades\/flat-for-sale-street-aljibe-18-playa-paraiso-adeje\/","title":{"rendered":"Piso En venta Playa Para\u00edso, Costa Adeje"},"content":{"rendered":"<p>**Apartamento en Venta en Playa Para\u00edso, Costa Adeje**<\/p>\n<p>\u00a1Descubre tu nuevo hogar en el coraz\u00f3n de Playa Para\u00edso!<\/p>\n<p>Este encantador apartamento de 80 m\u00b2 est\u00e1 situado en la primera planta de un edificio exclusivo con s\u00f3lo 4 unidades. Con 2 amplios dormitorios y un espacioso cuarto de ba\u00f1o con ventana y plato de ducha, este espacio es perfecto para disfrutar de comodidad y tranquilidad.<\/p>\n<p>El luminoso sal\u00f3n-comedor conecta con una moderna cocina abierta, creando un ambiente ideal para compartir momentos inolvidables.<\/p>\n<p>La joya de este apartamento es su terraza de 11 m\u00b2, donde podr\u00e1s relajarte al aire libre y disfrutar del clima canario. Adem\u00e1s, tiene un trastero privado de 3 m\u00b2 en la azotea y un espacio exterior adicional de unos 15 m\u00b2, perfecto para un sol\u00e1rium o una zona de barbacoa.<\/p>\n<p>La ubicaci\u00f3n es inmejorable, a un paseo de la playa, supermercados y tiendas, lo que te permite disfrutar de todo lo que ofrece esta maravillosa zona.<\/p>\n<p>Este apartamento se vende totalmente amueblado y en excelentes condiciones, listo para entrar a vivir. Sin gastos de comunidad y con la posibilidad de obtener una licencia de VV sin limitaciones para obtenerla, es una oportunidad \u00fanica tanto para residir como para invertir.<\/p>\n<p>No te pierdas la oportunidad de vivir en un lugar id\u00edlico donde cada d\u00eda te parecer\u00e1n unas vacaciones. \u00a1Ponte en contacto conmigo para obtener m\u00e1s informaci\u00f3n y ven a verlo!<\/p>\n","protected":false},"excerpt":{"rendered":"<p>Descubre este encantador apartamento de 80 m\u00b2 en la primera planta de un exclusivo edificio de 4 viviendas en el coraz\u00f3n de Playa Para\u00edso. Cuenta con dos amplios dormitorios, un gran cuarto de ba\u00f1o con ventana y ducha, y un luminoso sal\u00f3n-comedor perfectamente comunicado con una moderna cocina abierta, perfecta para vivir c\u00f3modamente.<\/p>\n","protected":false},"featured_media":7158,"template":"","meta":{"_acf_changed":false},"product_brand":[],"product_cat":[296],"product_tag":[305],"class_list":{"0":"post-8088","1":"product","2":"type-product","3":"status-publish","4":"has-post-thumbnail","6":"product_cat-piso-apartamento","7":"product_tag-playa-paraiso-es","9":"entry","10":"has-media","12":"first","13":"instock","14":"featured","15":"shipping-taxable","16":"purchasable","17":"product-type-simple","18":"col","19":"span_1_of_3","20":"owp-content-center","21":"owp-thumbs-layout-horizontal","22":"owp-btn-normal","23":"owp-tabs-layout-horizontal"},"acf":[],"yoast_head":"<!-- This site is optimized with the Yoast SEO plugin v27.2 - https:\/\/yoast.com\/product\/yoast-seo-wordpress\/ -->\n<title>Piso En venta Playa Para\u00edso, Costa Adeje - Leonard Realty<\/title>\n<meta name=\"robots\" content=\"index, follow, max-snippet:-1, max-image-preview:large, max-video-preview:-1\" \/>\n<link rel=\"canonical\" href=\"https:\/\/realtyleonard.com\/es\/propiedades\/flat-for-sale-street-aljibe-18-playa-paraiso-adeje\/\" \/>\n<meta property=\"og:locale\" content=\"es_ES\" \/>\n<meta property=\"og:type\" content=\"article\" \/>\n<meta property=\"og:title\" content=\"Piso En venta Playa Para\u00edso, Costa Adeje - Leonard Realty\" \/>\n<meta property=\"og:description\" content=\"Descubre este encantador apartamento de 80 m\u00b2 en la primera planta de un exclusivo edificio de 4 viviendas en el coraz\u00f3n de Playa Para\u00edso. Cuenta con dos amplios dormitorios, un gran cuarto de ba\u00f1o con ventana y ducha, y un luminoso sal\u00f3n-comedor perfectamente comunicado con una moderna cocina abierta, perfecta para vivir c\u00f3modamente.\" \/>\n<meta property=\"og:url\" content=\"https:\/\/realtyleonard.com\/es\/propiedades\/flat-for-sale-street-aljibe-18-playa-paraiso-adeje\/\" \/>\n<meta property=\"og:site_name\" content=\"Leonard Realty\" \/>\n<meta property=\"article:modified_time\" content=\"2025-10-21T20:41:37+00:00\" \/>\n<meta property=\"og:image\" content=\"https:\/\/realtyleonard.com\/wp-content\/uploads\/2025\/06\/1336774809-2.jpg\" \/>\n\t<meta property=\"og:image:width\" content=\"1500\" \/>\n\t<meta property=\"og:image:height\" content=\"1000\" \/>\n\t<meta property=\"og:image:type\" content=\"image\/jpeg\" \/>\n<meta name=\"twitter:card\" content=\"summary_large_image\" \/>\n<meta name=\"twitter:label1\" content=\"Tiempo de lectura\" \/>\n\t<meta name=\"twitter:data1\" content=\"2 minutos\" \/>\n<script type=\"application\/ld+json\" class=\"yoast-schema-graph\">{\"@context\":\"https:\/\/schema.org\",\"@graph\":[{\"@type\":\"WebPage\",\"@id\":\"https:\/\/realtyleonard.com\/es\/propiedades\/flat-for-sale-street-aljibe-18-playa-paraiso-adeje\/\",\"url\":\"https:\/\/realtyleonard.com\/es\/propiedades\/flat-for-sale-street-aljibe-18-playa-paraiso-adeje\/\",\"name\":\"Piso En venta Playa Para\u00edso, Costa Adeje - Leonard Realty\",\"isPartOf\":{\"@id\":\"https:\/\/realtyleonard.com\/es\/#website\"},\"primaryImageOfPage\":{\"@id\":\"https:\/\/realtyleonard.com\/es\/propiedades\/flat-for-sale-street-aljibe-18-playa-paraiso-adeje\/#primaryimage\"},\"image\":{\"@id\":\"https:\/\/realtyleonard.com\/es\/propiedades\/flat-for-sale-street-aljibe-18-playa-paraiso-adeje\/#primaryimage\"},\"thumbnailUrl\":\"https:\/\/realtyleonard.com\/wp-content\/uploads\/2025\/06\/1336774809-2.jpg\",\"datePublished\":\"2025-06-11T15:10:43+00:00\",\"dateModified\":\"2025-10-21T20:41:37+00:00\",\"breadcrumb\":{\"@id\":\"https:\/\/realtyleonard.com\/es\/propiedades\/flat-for-sale-street-aljibe-18-playa-paraiso-adeje\/#breadcrumb\"},\"inLanguage\":\"es\",\"potentialAction\":[{\"@type\":\"ReadAction\",\"target\":[\"https:\/\/realtyleonard.com\/es\/propiedades\/flat-for-sale-street-aljibe-18-playa-paraiso-adeje\/\"]}]},{\"@type\":\"ImageObject\",\"inLanguage\":\"es\",\"@id\":\"https:\/\/realtyleonard.com\/es\/propiedades\/flat-for-sale-street-aljibe-18-playa-paraiso-adeje\/#primaryimage\",\"url\":\"https:\/\/realtyleonard.com\/wp-content\/uploads\/2025\/06\/1336774809-2.jpg\",\"contentUrl\":\"https:\/\/realtyleonard.com\/wp-content\/uploads\/2025\/06\/1336774809-2.jpg\",\"width\":1500,\"height\":1000},{\"@type\":\"BreadcrumbList\",\"@id\":\"https:\/\/realtyleonard.com\/es\/propiedades\/flat-for-sale-street-aljibe-18-playa-paraiso-adeje\/#breadcrumb\",\"itemListElement\":[{\"@type\":\"ListItem\",\"position\":1,\"name\":\"\u0413\u043b\u0430\u0432\u043d\u0430\u044f \u0441\u0442\u0440\u0430\u043d\u0438\u0446\u0430\",\"item\":\"https:\/\/realtyleonard.com\/es\/inicio\/\"},{\"@type\":\"ListItem\",\"position\":2,\"name\":\"Property Finder\",\"item\":\"https:\/\/realtyleonard.com\/es\/propiedades\/\"},{\"@type\":\"ListItem\",\"position\":3,\"name\":\"Piso En venta Playa Para\u00edso, Costa Adeje\"}]},{\"@type\":\"WebSite\",\"@id\":\"https:\/\/realtyleonard.com\/es\/#website\",\"url\":\"https:\/\/realtyleonard.com\/es\/\",\"name\":\"Leonard Realty\",\"description\":\"Luxury Real Estate\",\"publisher\":{\"@id\":\"https:\/\/realtyleonard.com\/es\/#organization\"},\"potentialAction\":[{\"@type\":\"SearchAction\",\"target\":{\"@type\":\"EntryPoint\",\"urlTemplate\":\"https:\/\/realtyleonard.com\/es\/?s={search_term_string}\"},\"query-input\":{\"@type\":\"PropertyValueSpecification\",\"valueRequired\":true,\"valueName\":\"search_term_string\"}}],\"inLanguage\":\"es\"},{\"@type\":\"Organization\",\"@id\":\"https:\/\/realtyleonard.com\/es\/#organization\",\"name\":\"Leonard Realty\",\"url\":\"https:\/\/realtyleonard.com\/es\/\",\"logo\":{\"@type\":\"ImageObject\",\"inLanguage\":\"es\",\"@id\":\"https:\/\/realtyleonard.com\/es\/#\/schema\/logo\/image\/\",\"url\":\"https:\/\/realtyleonard.com\/wp-content\/uploads\/2021\/03\/leonard_logo_sfondo_scuro1.png\",\"contentUrl\":\"https:\/\/realtyleonard.com\/wp-content\/uploads\/2021\/03\/leonard_logo_sfondo_scuro1.png\",\"width\":859,\"height\":888,\"caption\":\"Leonard Realty\"},\"image\":{\"@id\":\"https:\/\/realtyleonard.com\/es\/#\/schema\/logo\/image\/\"}}]}<\/script>\n<!-- \/ Yoast SEO plugin. -->","yoast_head_json":{"title":"Piso En venta Playa Para\u00edso, Costa Adeje - Leonard Realty","robots":{"index":"index","follow":"follow","max-snippet":"max-snippet:-1","max-image-preview":"max-image-preview:large","max-video-preview":"max-video-preview:-1"},"canonical":"https:\/\/realtyleonard.com\/es\/propiedades\/flat-for-sale-street-aljibe-18-playa-paraiso-adeje\/","og_locale":"es_ES","og_type":"article","og_title":"Piso En venta Playa Para\u00edso, Costa Adeje - Leonard Realty","og_description":"Descubre este encantador apartamento de 80 m\u00b2 en la primera planta de un exclusivo edificio de 4 viviendas en el coraz\u00f3n de Playa Para\u00edso. Cuenta con dos amplios dormitorios, un gran cuarto de ba\u00f1o con ventana y ducha, y un luminoso sal\u00f3n-comedor perfectamente comunicado con una moderna cocina abierta, perfecta para vivir c\u00f3modamente.","og_url":"https:\/\/realtyleonard.com\/es\/propiedades\/flat-for-sale-street-aljibe-18-playa-paraiso-adeje\/","og_site_name":"Leonard Realty","article_modified_time":"2025-10-21T20:41:37+00:00","og_image":[{"width":1500,"height":1000,"url":"https:\/\/realtyleonard.com\/wp-content\/uploads\/2025\/06\/1336774809-2.jpg","type":"image\/jpeg"}],"twitter_card":"summary_large_image","twitter_misc":{"Tiempo de lectura":"2 minutos"},"schema":{"@context":"https:\/\/schema.org","@graph":[{"@type":"WebPage","@id":"https:\/\/realtyleonard.com\/es\/propiedades\/flat-for-sale-street-aljibe-18-playa-paraiso-adeje\/","url":"https:\/\/realtyleonard.com\/es\/propiedades\/flat-for-sale-street-aljibe-18-playa-paraiso-adeje\/","name":"Piso En venta Playa Para\u00edso, Costa Adeje - Leonard Realty","isPartOf":{"@id":"https:\/\/realtyleonard.com\/es\/#website"},"primaryImageOfPage":{"@id":"https:\/\/realtyleonard.com\/es\/propiedades\/flat-for-sale-street-aljibe-18-playa-paraiso-adeje\/#primaryimage"},"image":{"@id":"https:\/\/realtyleonard.com\/es\/propiedades\/flat-for-sale-street-aljibe-18-playa-paraiso-adeje\/#primaryimage"},"thumbnailUrl":"https:\/\/realtyleonard.com\/wp-content\/uploads\/2025\/06\/1336774809-2.jpg","datePublished":"2025-06-11T15:10:43+00:00","dateModified":"2025-10-21T20:41:37+00:00","breadcrumb":{"@id":"https:\/\/realtyleonard.com\/es\/propiedades\/flat-for-sale-street-aljibe-18-playa-paraiso-adeje\/#breadcrumb"},"inLanguage":"es","potentialAction":[{"@type":"ReadAction","target":["https:\/\/realtyleonard.com\/es\/propiedades\/flat-for-sale-street-aljibe-18-playa-paraiso-adeje\/"]}]},{"@type":"ImageObject","inLanguage":"es","@id":"https:\/\/realtyleonard.com\/es\/propiedades\/flat-for-sale-street-aljibe-18-playa-paraiso-adeje\/#primaryimage","url":"https:\/\/realtyleonard.com\/wp-content\/uploads\/2025\/06\/1336774809-2.jpg","contentUrl":"https:\/\/realtyleonard.com\/wp-content\/uploads\/2025\/06\/1336774809-2.jpg","width":1500,"height":1000},{"@type":"BreadcrumbList","@id":"https:\/\/realtyleonard.com\/es\/propiedades\/flat-for-sale-street-aljibe-18-playa-paraiso-adeje\/#breadcrumb","itemListElement":[{"@type":"ListItem","position":1,"name":"\u0413\u043b\u0430\u0432\u043d\u0430\u044f \u0441\u0442\u0440\u0430\u043d\u0438\u0446\u0430","item":"https:\/\/realtyleonard.com\/es\/inicio\/"},{"@type":"ListItem","position":2,"name":"Property Finder","item":"https:\/\/realtyleonard.com\/es\/propiedades\/"},{"@type":"ListItem","position":3,"name":"Piso En venta Playa Para\u00edso, Costa Adeje"}]},{"@type":"WebSite","@id":"https:\/\/realtyleonard.com\/es\/#website","url":"https:\/\/realtyleonard.com\/es\/","name":"Leonard Realty","description":"Luxury Real Estate","publisher":{"@id":"https:\/\/realtyleonard.com\/es\/#organization"},"potentialAction":[{"@type":"SearchAction","target":{"@type":"EntryPoint","urlTemplate":"https:\/\/realtyleonard.com\/es\/?s={search_term_string}"},"query-input":{"@type":"PropertyValueSpecification","valueRequired":true,"valueName":"search_term_string"}}],"inLanguage":"es"},{"@type":"Organization","@id":"https:\/\/realtyleonard.com\/es\/#organization","name":"Leonard Realty","url":"https:\/\/realtyleonard.com\/es\/","logo":{"@type":"ImageObject","inLanguage":"es","@id":"https:\/\/realtyleonard.com\/es\/#\/schema\/logo\/image\/","url":"https:\/\/realtyleonard.com\/wp-content\/uploads\/2021\/03\/leonard_logo_sfondo_scuro1.png","contentUrl":"https:\/\/realtyleonard.com\/wp-content\/uploads\/2021\/03\/leonard_logo_sfondo_scuro1.png","width":859,"height":888,"caption":"Leonard Realty"},"image":{"@id":"https:\/\/realtyleonard.com\/es\/#\/schema\/logo\/image\/"}}]}},"_links":{"self":[{"href":"https:\/\/realtyleonard.com\/es\/wp-json\/wp\/v2\/product\/8088","targetHints":{"allow":["GET"]}}],"collection":[{"href":"https:\/\/realtyleonard.com\/es\/wp-json\/wp\/v2\/product"}],"about":[{"href":"https:\/\/realtyleonard.com\/es\/wp-json\/wp\/v2\/types\/product"}],"version-history":[{"count":0,"href":"https:\/\/realtyleonard.com\/es\/wp-json\/wp\/v2\/product\/8088\/revisions"}],"wp:featuredmedia":[{"embeddable":true,"href":"https:\/\/realtyleonard.com\/es\/wp-json\/wp\/v2\/media\/7158"}],"wp:attachment":[{"href":"https:\/\/realtyleonard.com\/es\/wp-json\/wp\/v2\/media?parent=8088"}],"wp:term":[{"taxonomy":"product_brand","embeddable":true,"href":"https:\/\/realtyleonard.com\/es\/wp-json\/wp\/v2\/product_brand?post=8088"},{"taxonomy":"product_cat","embeddable":true,"href":"https:\/\/realtyleonard.com\/es\/wp-json\/wp\/v2\/product_cat?post=8088"},{"taxonomy":"product_tag","embeddable":true,"href":"https:\/\/realtyleonard.com\/es\/wp-json\/wp\/v2\/product_tag?post=8088"}],"curies":[{"name":"wp","href":"https:\/\/api.w.org\/{rel}","templated":true}]}}