{"id":8085,"date":"2025-06-11T15:46:39","date_gmt":"2025-06-11T15:46:39","guid":{"rendered":"https:\/\/test.realtyleonard.com\/property-finder\/atico-en-venta-calle-beirut-8-playa-de-fanabe-alto\/"},"modified":"2025-10-21T20:39:41","modified_gmt":"2025-10-21T20:39:41","slug":"penthouse-for-sale-street-beirut-8-playa-de-fanabe-alto","status":"publish","type":"product","link":"https:\/\/realtyleonard.com\/es\/propiedades\/penthouse-for-sale-street-beirut-8-playa-de-fanabe-alto\/","title":{"rendered":"Atico de Lujo en Venta en Madro\u00f1al Costa Adeje"},"content":{"rendered":"<p>*\u00c1tico esquinero con vistas al oc\u00e9ano en Costa Adeje, Madro\u00f1al de Fa\u00f1abe, Tenerife**.<\/p>\n<p>Descubre este espectacular \u00e1tico esquinero que redefine el concepto de hogar. Con una enorme terraza y unas vistas impresionantes del oc\u00e9ano y de La Gomera, este espacio es un verdadero retiro. Luminosa y soleada, la propiedad ofrece amplios espacios al aire libre que garantizan intimidad y comodidad. Con tres dormitorios y dos ba\u00f1os, es ideal para familias o como inversi\u00f3n.<\/p>\n<p>La cocina totalmente equipada se integra perfectamente en el moderno dise\u00f1o del \u00e1tico, mientras que el trastero y la plaza de aparcamiento privada a\u00f1aden comodidad a tu d\u00eda a d\u00eda. El complejo, de reciente construcci\u00f3n, cuenta con un amplio solarium y una piscina comunitaria climatizada, perfecta para disfrutar del clima de Tenerife.<\/p>\n<p>Situado a s\u00f3lo 5 minutos a pie de centros comerciales como X-SUR y a 20 minutos a pie de la Plaza del Duque, tendr\u00e1s todo lo que necesitas al alcance de la mano. Adem\u00e1s, las playas de Playa del Duque y Playa Fa\u00f1ab\u00e9 est\u00e1n a pocos minutos, y el acceso al otro lado de la autopista es f\u00e1cil gracias a un puente peatonal.<\/p>\n<p>Con 200 m\u00b2 construidos y 80 m\u00b2 \u00fatiles, este \u00e1tico es una oportunidad \u00fanica.<br \/>\nSu orientaci\u00f3n sureste garantiza luz natural todo el d\u00eda. \u00a1No pierdas la oportunidad de vivir en un lugar donde la modernidad se encuentra con la naturaleza, ponte en contacto con nosotros para obtener m\u00e1s informaci\u00f3n y ven a verlo!<\/p>\n","protected":false},"excerpt":{"rendered":"<p>Descubre este espectacular \u00e1tico esquinero en Madro\u00f1al de Fa\u00f1abe, Costa Adeje, que redefine la vida moderna. Con una enorme terraza con impresionantes vistas al oc\u00e9ano y a La Gomera, esta luminosa y soleada propiedad ofrece amplios espacios exteriores, tres dormitorios y dos ba\u00f1os, ideal para familias o como inversi\u00f3n de primera.<\/p>\n","protected":false},"featured_media":7286,"template":"","meta":{"_acf_changed":false},"product_brand":[],"product_cat":[296],"product_tag":[302,301],"class_list":{"0":"post-8085","1":"product","2":"type-product","3":"status-publish","4":"has-post-thumbnail","6":"product_cat-piso-apartamento","7":"product_tag-fanabe-es","8":"product_tag-playa-de-fanabe-alto-es","10":"entry","11":"has-media","13":"first","14":"instock","15":"featured","16":"shipping-taxable","17":"product-type-simple","18":"col","19":"span_1_of_3","20":"owp-content-center","21":"owp-thumbs-layout-horizontal","22":"owp-btn-normal","23":"owp-tabs-layout-horizontal"},"acf":[],"yoast_head":"<!-- This site is optimized with the Yoast SEO plugin v27.2 - https:\/\/yoast.com\/product\/yoast-seo-wordpress\/ -->\n<title>Atico de Lujo en Venta en Madro\u00f1al Costa Adeje - Leonard Realty<\/title>\n<meta name=\"robots\" content=\"index, follow, max-snippet:-1, max-image-preview:large, max-video-preview:-1\" \/>\n<link rel=\"canonical\" href=\"https:\/\/realtyleonard.com\/es\/propiedades\/penthouse-for-sale-street-beirut-8-playa-de-fanabe-alto\/\" \/>\n<meta property=\"og:locale\" content=\"es_ES\" \/>\n<meta property=\"og:type\" content=\"article\" \/>\n<meta property=\"og:title\" content=\"Atico de Lujo en Venta en Madro\u00f1al Costa Adeje - Leonard Realty\" \/>\n<meta property=\"og:description\" content=\"Descubre este espectacular \u00e1tico esquinero en Madro\u00f1al de Fa\u00f1abe, Costa Adeje, que redefine la vida moderna. Con una enorme terraza con impresionantes vistas al oc\u00e9ano y a La Gomera, esta luminosa y soleada propiedad ofrece amplios espacios exteriores, tres dormitorios y dos ba\u00f1os, ideal para familias o como inversi\u00f3n de primera.\" \/>\n<meta property=\"og:url\" content=\"https:\/\/realtyleonard.com\/es\/propiedades\/penthouse-for-sale-street-beirut-8-playa-de-fanabe-alto\/\" \/>\n<meta property=\"og:site_name\" content=\"Leonard Realty\" \/>\n<meta property=\"article:modified_time\" content=\"2025-10-21T20:39:41+00:00\" \/>\n<meta property=\"og:image\" content=\"https:\/\/realtyleonard.com\/wp-content\/uploads\/2025\/06\/1323978690.jpg\" \/>\n\t<meta property=\"og:image:width\" content=\"1500\" \/>\n\t<meta property=\"og:image:height\" content=\"1125\" \/>\n\t<meta property=\"og:image:type\" content=\"image\/jpeg\" \/>\n<meta name=\"twitter:card\" content=\"summary_large_image\" \/>\n<meta name=\"twitter:label1\" content=\"Tiempo de lectura\" \/>\n\t<meta name=\"twitter:data1\" content=\"2 minutos\" \/>\n<script type=\"application\/ld+json\" class=\"yoast-schema-graph\">{\"@context\":\"https:\/\/schema.org\",\"@graph\":[{\"@type\":\"WebPage\",\"@id\":\"https:\/\/realtyleonard.com\/es\/propiedades\/penthouse-for-sale-street-beirut-8-playa-de-fanabe-alto\/\",\"url\":\"https:\/\/realtyleonard.com\/es\/propiedades\/penthouse-for-sale-street-beirut-8-playa-de-fanabe-alto\/\",\"name\":\"Atico de Lujo en Venta en Madro\u00f1al Costa Adeje - Leonard Realty\",\"isPartOf\":{\"@id\":\"https:\/\/realtyleonard.com\/es\/#website\"},\"primaryImageOfPage\":{\"@id\":\"https:\/\/realtyleonard.com\/es\/propiedades\/penthouse-for-sale-street-beirut-8-playa-de-fanabe-alto\/#primaryimage\"},\"image\":{\"@id\":\"https:\/\/realtyleonard.com\/es\/propiedades\/penthouse-for-sale-street-beirut-8-playa-de-fanabe-alto\/#primaryimage\"},\"thumbnailUrl\":\"https:\/\/realtyleonard.com\/wp-content\/uploads\/2025\/06\/1323978690.jpg\",\"datePublished\":\"2025-06-11T15:46:39+00:00\",\"dateModified\":\"2025-10-21T20:39:41+00:00\",\"breadcrumb\":{\"@id\":\"https:\/\/realtyleonard.com\/es\/propiedades\/penthouse-for-sale-street-beirut-8-playa-de-fanabe-alto\/#breadcrumb\"},\"inLanguage\":\"es\",\"potentialAction\":[{\"@type\":\"ReadAction\",\"target\":[\"https:\/\/realtyleonard.com\/es\/propiedades\/penthouse-for-sale-street-beirut-8-playa-de-fanabe-alto\/\"]}]},{\"@type\":\"ImageObject\",\"inLanguage\":\"es\",\"@id\":\"https:\/\/realtyleonard.com\/es\/propiedades\/penthouse-for-sale-street-beirut-8-playa-de-fanabe-alto\/#primaryimage\",\"url\":\"https:\/\/realtyleonard.com\/wp-content\/uploads\/2025\/06\/1323978690.jpg\",\"contentUrl\":\"https:\/\/realtyleonard.com\/wp-content\/uploads\/2025\/06\/1323978690.jpg\",\"width\":1500,\"height\":1125},{\"@type\":\"BreadcrumbList\",\"@id\":\"https:\/\/realtyleonard.com\/es\/propiedades\/penthouse-for-sale-street-beirut-8-playa-de-fanabe-alto\/#breadcrumb\",\"itemListElement\":[{\"@type\":\"ListItem\",\"position\":1,\"name\":\"\u0413\u043b\u0430\u0432\u043d\u0430\u044f \u0441\u0442\u0440\u0430\u043d\u0438\u0446\u0430\",\"item\":\"https:\/\/realtyleonard.com\/es\/inicio\/\"},{\"@type\":\"ListItem\",\"position\":2,\"name\":\"Property Finder\",\"item\":\"https:\/\/realtyleonard.com\/es\/propiedades\/\"},{\"@type\":\"ListItem\",\"position\":3,\"name\":\"Atico de Lujo en Venta en Madro\u00f1al Costa Adeje\"}]},{\"@type\":\"WebSite\",\"@id\":\"https:\/\/realtyleonard.com\/es\/#website\",\"url\":\"https:\/\/realtyleonard.com\/es\/\",\"name\":\"Leonard Realty\",\"description\":\"Luxury Real Estate\",\"publisher\":{\"@id\":\"https:\/\/realtyleonard.com\/es\/#organization\"},\"potentialAction\":[{\"@type\":\"SearchAction\",\"target\":{\"@type\":\"EntryPoint\",\"urlTemplate\":\"https:\/\/realtyleonard.com\/es\/?s={search_term_string}\"},\"query-input\":{\"@type\":\"PropertyValueSpecification\",\"valueRequired\":true,\"valueName\":\"search_term_string\"}}],\"inLanguage\":\"es\"},{\"@type\":\"Organization\",\"@id\":\"https:\/\/realtyleonard.com\/es\/#organization\",\"name\":\"Leonard Realty\",\"url\":\"https:\/\/realtyleonard.com\/es\/\",\"logo\":{\"@type\":\"ImageObject\",\"inLanguage\":\"es\",\"@id\":\"https:\/\/realtyleonard.com\/es\/#\/schema\/logo\/image\/\",\"url\":\"https:\/\/realtyleonard.com\/wp-content\/uploads\/2021\/03\/leonard_logo_sfondo_scuro1.png\",\"contentUrl\":\"https:\/\/realtyleonard.com\/wp-content\/uploads\/2021\/03\/leonard_logo_sfondo_scuro1.png\",\"width\":859,\"height\":888,\"caption\":\"Leonard Realty\"},\"image\":{\"@id\":\"https:\/\/realtyleonard.com\/es\/#\/schema\/logo\/image\/\"}}]}<\/script>\n<!-- \/ Yoast SEO plugin. -->","yoast_head_json":{"title":"Atico de Lujo en Venta en Madro\u00f1al Costa Adeje - Leonard Realty","robots":{"index":"index","follow":"follow","max-snippet":"max-snippet:-1","max-image-preview":"max-image-preview:large","max-video-preview":"max-video-preview:-1"},"canonical":"https:\/\/realtyleonard.com\/es\/propiedades\/penthouse-for-sale-street-beirut-8-playa-de-fanabe-alto\/","og_locale":"es_ES","og_type":"article","og_title":"Atico de Lujo en Venta en Madro\u00f1al Costa Adeje - Leonard Realty","og_description":"Descubre este espectacular \u00e1tico esquinero en Madro\u00f1al de Fa\u00f1abe, Costa Adeje, que redefine la vida moderna. Con una enorme terraza con impresionantes vistas al oc\u00e9ano y a La Gomera, esta luminosa y soleada propiedad ofrece amplios espacios exteriores, tres dormitorios y dos ba\u00f1os, ideal para familias o como inversi\u00f3n de primera.","og_url":"https:\/\/realtyleonard.com\/es\/propiedades\/penthouse-for-sale-street-beirut-8-playa-de-fanabe-alto\/","og_site_name":"Leonard Realty","article_modified_time":"2025-10-21T20:39:41+00:00","og_image":[{"width":1500,"height":1125,"url":"https:\/\/realtyleonard.com\/wp-content\/uploads\/2025\/06\/1323978690.jpg","type":"image\/jpeg"}],"twitter_card":"summary_large_image","twitter_misc":{"Tiempo de lectura":"2 minutos"},"schema":{"@context":"https:\/\/schema.org","@graph":[{"@type":"WebPage","@id":"https:\/\/realtyleonard.com\/es\/propiedades\/penthouse-for-sale-street-beirut-8-playa-de-fanabe-alto\/","url":"https:\/\/realtyleonard.com\/es\/propiedades\/penthouse-for-sale-street-beirut-8-playa-de-fanabe-alto\/","name":"Atico de Lujo en Venta en Madro\u00f1al Costa Adeje - Leonard Realty","isPartOf":{"@id":"https:\/\/realtyleonard.com\/es\/#website"},"primaryImageOfPage":{"@id":"https:\/\/realtyleonard.com\/es\/propiedades\/penthouse-for-sale-street-beirut-8-playa-de-fanabe-alto\/#primaryimage"},"image":{"@id":"https:\/\/realtyleonard.com\/es\/propiedades\/penthouse-for-sale-street-beirut-8-playa-de-fanabe-alto\/#primaryimage"},"thumbnailUrl":"https:\/\/realtyleonard.com\/wp-content\/uploads\/2025\/06\/1323978690.jpg","datePublished":"2025-06-11T15:46:39+00:00","dateModified":"2025-10-21T20:39:41+00:00","breadcrumb":{"@id":"https:\/\/realtyleonard.com\/es\/propiedades\/penthouse-for-sale-street-beirut-8-playa-de-fanabe-alto\/#breadcrumb"},"inLanguage":"es","potentialAction":[{"@type":"ReadAction","target":["https:\/\/realtyleonard.com\/es\/propiedades\/penthouse-for-sale-street-beirut-8-playa-de-fanabe-alto\/"]}]},{"@type":"ImageObject","inLanguage":"es","@id":"https:\/\/realtyleonard.com\/es\/propiedades\/penthouse-for-sale-street-beirut-8-playa-de-fanabe-alto\/#primaryimage","url":"https:\/\/realtyleonard.com\/wp-content\/uploads\/2025\/06\/1323978690.jpg","contentUrl":"https:\/\/realtyleonard.com\/wp-content\/uploads\/2025\/06\/1323978690.jpg","width":1500,"height":1125},{"@type":"BreadcrumbList","@id":"https:\/\/realtyleonard.com\/es\/propiedades\/penthouse-for-sale-street-beirut-8-playa-de-fanabe-alto\/#breadcrumb","itemListElement":[{"@type":"ListItem","position":1,"name":"\u0413\u043b\u0430\u0432\u043d\u0430\u044f \u0441\u0442\u0440\u0430\u043d\u0438\u0446\u0430","item":"https:\/\/realtyleonard.com\/es\/inicio\/"},{"@type":"ListItem","position":2,"name":"Property Finder","item":"https:\/\/realtyleonard.com\/es\/propiedades\/"},{"@type":"ListItem","position":3,"name":"Atico de Lujo en Venta en Madro\u00f1al Costa Adeje"}]},{"@type":"WebSite","@id":"https:\/\/realtyleonard.com\/es\/#website","url":"https:\/\/realtyleonard.com\/es\/","name":"Leonard Realty","description":"Luxury Real Estate","publisher":{"@id":"https:\/\/realtyleonard.com\/es\/#organization"},"potentialAction":[{"@type":"SearchAction","target":{"@type":"EntryPoint","urlTemplate":"https:\/\/realtyleonard.com\/es\/?s={search_term_string}"},"query-input":{"@type":"PropertyValueSpecification","valueRequired":true,"valueName":"search_term_string"}}],"inLanguage":"es"},{"@type":"Organization","@id":"https:\/\/realtyleonard.com\/es\/#organization","name":"Leonard Realty","url":"https:\/\/realtyleonard.com\/es\/","logo":{"@type":"ImageObject","inLanguage":"es","@id":"https:\/\/realtyleonard.com\/es\/#\/schema\/logo\/image\/","url":"https:\/\/realtyleonard.com\/wp-content\/uploads\/2021\/03\/leonard_logo_sfondo_scuro1.png","contentUrl":"https:\/\/realtyleonard.com\/wp-content\/uploads\/2021\/03\/leonard_logo_sfondo_scuro1.png","width":859,"height":888,"caption":"Leonard Realty"},"image":{"@id":"https:\/\/realtyleonard.com\/es\/#\/schema\/logo\/image\/"}}]}},"_links":{"self":[{"href":"https:\/\/realtyleonard.com\/es\/wp-json\/wp\/v2\/product\/8085","targetHints":{"allow":["GET"]}}],"collection":[{"href":"https:\/\/realtyleonard.com\/es\/wp-json\/wp\/v2\/product"}],"about":[{"href":"https:\/\/realtyleonard.com\/es\/wp-json\/wp\/v2\/types\/product"}],"version-history":[{"count":0,"href":"https:\/\/realtyleonard.com\/es\/wp-json\/wp\/v2\/product\/8085\/revisions"}],"wp:featuredmedia":[{"embeddable":true,"href":"https:\/\/realtyleonard.com\/es\/wp-json\/wp\/v2\/media\/7286"}],"wp:attachment":[{"href":"https:\/\/realtyleonard.com\/es\/wp-json\/wp\/v2\/media?parent=8085"}],"wp:term":[{"taxonomy":"product_brand","embeddable":true,"href":"https:\/\/realtyleonard.com\/es\/wp-json\/wp\/v2\/product_brand?post=8085"},{"taxonomy":"product_cat","embeddable":true,"href":"https:\/\/realtyleonard.com\/es\/wp-json\/wp\/v2\/product_cat?post=8085"},{"taxonomy":"product_tag","embeddable":true,"href":"https:\/\/realtyleonard.com\/es\/wp-json\/wp\/v2\/product_tag?post=8085"}],"curies":[{"name":"wp","href":"https:\/\/api.w.org\/{rel}","templated":true}]}}