{"id":8084,"date":"2025-06-11T17:06:57","date_gmt":"2025-06-11T17:06:57","guid":{"rendered":"https:\/\/test.realtyleonard.com\/property-finder\/casa-adosado-en-venta-calle-alcojora-44-la-caleta\/"},"modified":"2025-07-12T15:39:00","modified_gmt":"2025-07-12T15:39:00","slug":"house-semidetached-house-for-sale-street-alcojora-44-la-caleta","status":"publish","type":"product","link":"https:\/\/realtyleonard.com\/es\/propiedades\/house-semidetached-house-for-sale-street-alcojora-44-la-caleta\/","title":{"rendered":"Casa\/Adosado En venta Calle Alcojora 44, La Caleta"},"content":{"rendered":"<p>**Villa adosada en Villas Caleta Golf: Un oasis de lujo frente al mar**.<\/p>\n<p>Descubre esta espectacular villa adosada situada en el prestigioso Golf de Costa Adeje, a s\u00f3lo 5 minutos a pie de la playa. Con una inmejorable ubicaci\u00f3n frente al mar, esta propiedad ofrece un estilo de vida exclusivo y relajado. La villa cuenta con un hermoso jard\u00edn con plantas maduras y una piscina climatizada que ofrece impresionantes vistas tanto del campo de golf como del mar.<\/p>\n<p>La planta baja dispone de amplias terrazas exteriores conectadas con el sal\u00f3n y el comedor, ideales para disfrutar del clima privilegiado de la zona. El sal\u00f3n es acogedor y tiene un comedor contiguo, perfecto para reuniones familiares o de amigos. La cocina independiente est\u00e1 totalmente amueblada y equipada, y se complementa con un peque\u00f1o patio de servicio.<\/p>\n<p>La vivienda tiene dos dormitorios dobles en la planta baja, ambos con armarios empotrados. Uno de los dormitorios tiene acceso directo al jard\u00edn, lo que proporciona un toque de serenidad e intimidad. Adem\u00e1s, hay un ba\u00f1o completo en esta planta para mayor comodidad.<\/p>\n<p>El s\u00f3tano alberga un trastero, un aseo de invitados y dos plazas de garaje, que ofrecen espacio de almacenamiento adicional y aparcamiento seguro.<\/p>\n<p>Arriba, el dormitorio principal se convierte en un refugio privado con su propio cuarto de ba\u00f1o completo y una gran terraza con vistas panor\u00e1micas al oc\u00e9ano.<\/p>\n<p>Este chalet se vende amueblado y tiene la posibilidad de instalar paneles solares, lo que lo convierte en el lugar perfecto para vivir.<\/p>\n","protected":false},"excerpt":{"rendered":"<p>Descubre esta espectacular villa adosada en Villas Caleta Golf, que goza de una inmejorable ubicaci\u00f3n frente al mar dentro del prestigioso Golf de Costa Adeje, a s\u00f3lo 5 minutos a pie de la playa. Esta propiedad ofrece un estilo de vida exclusivo con un hermoso jard\u00edn y una piscina climatizada que proporciona unas vistas impresionantes tanto del campo de golf como del mar.<\/p>\n","protected":false},"featured_media":7444,"template":"","meta":{"_acf_changed":false},"product_brand":[],"product_cat":[299],"product_tag":[300],"class_list":{"0":"post-8084","1":"product","2":"type-product","3":"status-publish","4":"has-post-thumbnail","6":"product_cat-casa-casa-adosada","7":"product_tag-la-caleta-es","9":"entry","10":"has-media","12":"first","13":"instock","14":"featured","15":"shipping-taxable","16":"product-type-simple","17":"col","18":"span_1_of_3","19":"owp-content-center","20":"owp-thumbs-layout-horizontal","21":"owp-btn-normal","22":"owp-tabs-layout-horizontal"},"acf":[],"yoast_head":"<!-- This site is optimized with the Yoast SEO plugin v27.2 - https:\/\/yoast.com\/product\/yoast-seo-wordpress\/ -->\n<title>Casa\/Adosado En venta Calle Alcojora 44, La Caleta - Leonard Realty<\/title>\n<meta name=\"robots\" content=\"index, follow, max-snippet:-1, max-image-preview:large, max-video-preview:-1\" \/>\n<link rel=\"canonical\" href=\"https:\/\/realtyleonard.com\/es\/propiedades\/house-semidetached-house-for-sale-street-alcojora-44-la-caleta\/\" \/>\n<meta property=\"og:locale\" content=\"es_ES\" \/>\n<meta property=\"og:type\" content=\"article\" \/>\n<meta property=\"og:title\" content=\"Casa\/Adosado En venta Calle Alcojora 44, La Caleta - Leonard Realty\" \/>\n<meta property=\"og:description\" content=\"Descubre esta espectacular villa adosada en Villas Caleta Golf, que goza de una inmejorable ubicaci\u00f3n frente al mar dentro del prestigioso Golf de Costa Adeje, a s\u00f3lo 5 minutos a pie de la playa. Esta propiedad ofrece un estilo de vida exclusivo con un hermoso jard\u00edn y una piscina climatizada que proporciona unas vistas impresionantes tanto del campo de golf como del mar.\" \/>\n<meta property=\"og:url\" content=\"https:\/\/realtyleonard.com\/es\/propiedades\/house-semidetached-house-for-sale-street-alcojora-44-la-caleta\/\" \/>\n<meta property=\"og:site_name\" content=\"Leonard Realty\" \/>\n<meta property=\"article:modified_time\" content=\"2025-07-12T15:39:00+00:00\" \/>\n<meta property=\"og:image\" content=\"https:\/\/realtyleonard.com\/wp-content\/uploads\/2025\/06\/1259620396.jpg\" \/>\n\t<meta property=\"og:image:width\" content=\"1500\" \/>\n\t<meta property=\"og:image:height\" content=\"1001\" \/>\n\t<meta property=\"og:image:type\" content=\"image\/jpeg\" \/>\n<meta name=\"twitter:card\" content=\"summary_large_image\" \/>\n<meta name=\"twitter:label1\" content=\"Tiempo de lectura\" \/>\n\t<meta name=\"twitter:data1\" content=\"2 minutos\" \/>\n<script type=\"application\/ld+json\" class=\"yoast-schema-graph\">{\"@context\":\"https:\/\/schema.org\",\"@graph\":[{\"@type\":\"WebPage\",\"@id\":\"https:\/\/realtyleonard.com\/es\/propiedades\/house-semidetached-house-for-sale-street-alcojora-44-la-caleta\/\",\"url\":\"https:\/\/realtyleonard.com\/es\/propiedades\/house-semidetached-house-for-sale-street-alcojora-44-la-caleta\/\",\"name\":\"Casa\/Adosado En venta Calle Alcojora 44, La Caleta - Leonard Realty\",\"isPartOf\":{\"@id\":\"https:\/\/realtyleonard.com\/es\/#website\"},\"primaryImageOfPage\":{\"@id\":\"https:\/\/realtyleonard.com\/es\/propiedades\/house-semidetached-house-for-sale-street-alcojora-44-la-caleta\/#primaryimage\"},\"image\":{\"@id\":\"https:\/\/realtyleonard.com\/es\/propiedades\/house-semidetached-house-for-sale-street-alcojora-44-la-caleta\/#primaryimage\"},\"thumbnailUrl\":\"https:\/\/realtyleonard.com\/wp-content\/uploads\/2025\/06\/1259620396.jpg\",\"datePublished\":\"2025-06-11T17:06:57+00:00\",\"dateModified\":\"2025-07-12T15:39:00+00:00\",\"breadcrumb\":{\"@id\":\"https:\/\/realtyleonard.com\/es\/propiedades\/house-semidetached-house-for-sale-street-alcojora-44-la-caleta\/#breadcrumb\"},\"inLanguage\":\"es\",\"potentialAction\":[{\"@type\":\"ReadAction\",\"target\":[\"https:\/\/realtyleonard.com\/es\/propiedades\/house-semidetached-house-for-sale-street-alcojora-44-la-caleta\/\"]}]},{\"@type\":\"ImageObject\",\"inLanguage\":\"es\",\"@id\":\"https:\/\/realtyleonard.com\/es\/propiedades\/house-semidetached-house-for-sale-street-alcojora-44-la-caleta\/#primaryimage\",\"url\":\"https:\/\/realtyleonard.com\/wp-content\/uploads\/2025\/06\/1259620396.jpg\",\"contentUrl\":\"https:\/\/realtyleonard.com\/wp-content\/uploads\/2025\/06\/1259620396.jpg\",\"width\":1500,\"height\":1001},{\"@type\":\"BreadcrumbList\",\"@id\":\"https:\/\/realtyleonard.com\/es\/propiedades\/house-semidetached-house-for-sale-street-alcojora-44-la-caleta\/#breadcrumb\",\"itemListElement\":[{\"@type\":\"ListItem\",\"position\":1,\"name\":\"\u0413\u043b\u0430\u0432\u043d\u0430\u044f \u0441\u0442\u0440\u0430\u043d\u0438\u0446\u0430\",\"item\":\"https:\/\/realtyleonard.com\/es\/inicio\/\"},{\"@type\":\"ListItem\",\"position\":2,\"name\":\"Property Finder\",\"item\":\"https:\/\/realtyleonard.com\/es\/propiedades\/\"},{\"@type\":\"ListItem\",\"position\":3,\"name\":\"Casa\/Adosado En venta Calle Alcojora 44, La Caleta\"}]},{\"@type\":\"WebSite\",\"@id\":\"https:\/\/realtyleonard.com\/es\/#website\",\"url\":\"https:\/\/realtyleonard.com\/es\/\",\"name\":\"Leonard Realty\",\"description\":\"Luxury Real Estate\",\"publisher\":{\"@id\":\"https:\/\/realtyleonard.com\/es\/#organization\"},\"potentialAction\":[{\"@type\":\"SearchAction\",\"target\":{\"@type\":\"EntryPoint\",\"urlTemplate\":\"https:\/\/realtyleonard.com\/es\/?s={search_term_string}\"},\"query-input\":{\"@type\":\"PropertyValueSpecification\",\"valueRequired\":true,\"valueName\":\"search_term_string\"}}],\"inLanguage\":\"es\"},{\"@type\":\"Organization\",\"@id\":\"https:\/\/realtyleonard.com\/es\/#organization\",\"name\":\"Leonard Realty\",\"url\":\"https:\/\/realtyleonard.com\/es\/\",\"logo\":{\"@type\":\"ImageObject\",\"inLanguage\":\"es\",\"@id\":\"https:\/\/realtyleonard.com\/es\/#\/schema\/logo\/image\/\",\"url\":\"https:\/\/realtyleonard.com\/wp-content\/uploads\/2021\/03\/leonard_logo_sfondo_scuro1.png\",\"contentUrl\":\"https:\/\/realtyleonard.com\/wp-content\/uploads\/2021\/03\/leonard_logo_sfondo_scuro1.png\",\"width\":859,\"height\":888,\"caption\":\"Leonard Realty\"},\"image\":{\"@id\":\"https:\/\/realtyleonard.com\/es\/#\/schema\/logo\/image\/\"}}]}<\/script>\n<!-- \/ Yoast SEO plugin. -->","yoast_head_json":{"title":"Casa\/Adosado En venta Calle Alcojora 44, La Caleta - Leonard Realty","robots":{"index":"index","follow":"follow","max-snippet":"max-snippet:-1","max-image-preview":"max-image-preview:large","max-video-preview":"max-video-preview:-1"},"canonical":"https:\/\/realtyleonard.com\/es\/propiedades\/house-semidetached-house-for-sale-street-alcojora-44-la-caleta\/","og_locale":"es_ES","og_type":"article","og_title":"Casa\/Adosado En venta Calle Alcojora 44, La Caleta - Leonard Realty","og_description":"Descubre esta espectacular villa adosada en Villas Caleta Golf, que goza de una inmejorable ubicaci\u00f3n frente al mar dentro del prestigioso Golf de Costa Adeje, a s\u00f3lo 5 minutos a pie de la playa. Esta propiedad ofrece un estilo de vida exclusivo con un hermoso jard\u00edn y una piscina climatizada que proporciona unas vistas impresionantes tanto del campo de golf como del mar.","og_url":"https:\/\/realtyleonard.com\/es\/propiedades\/house-semidetached-house-for-sale-street-alcojora-44-la-caleta\/","og_site_name":"Leonard Realty","article_modified_time":"2025-07-12T15:39:00+00:00","og_image":[{"width":1500,"height":1001,"url":"https:\/\/realtyleonard.com\/wp-content\/uploads\/2025\/06\/1259620396.jpg","type":"image\/jpeg"}],"twitter_card":"summary_large_image","twitter_misc":{"Tiempo de lectura":"2 minutos"},"schema":{"@context":"https:\/\/schema.org","@graph":[{"@type":"WebPage","@id":"https:\/\/realtyleonard.com\/es\/propiedades\/house-semidetached-house-for-sale-street-alcojora-44-la-caleta\/","url":"https:\/\/realtyleonard.com\/es\/propiedades\/house-semidetached-house-for-sale-street-alcojora-44-la-caleta\/","name":"Casa\/Adosado En venta Calle Alcojora 44, La Caleta - Leonard Realty","isPartOf":{"@id":"https:\/\/realtyleonard.com\/es\/#website"},"primaryImageOfPage":{"@id":"https:\/\/realtyleonard.com\/es\/propiedades\/house-semidetached-house-for-sale-street-alcojora-44-la-caleta\/#primaryimage"},"image":{"@id":"https:\/\/realtyleonard.com\/es\/propiedades\/house-semidetached-house-for-sale-street-alcojora-44-la-caleta\/#primaryimage"},"thumbnailUrl":"https:\/\/realtyleonard.com\/wp-content\/uploads\/2025\/06\/1259620396.jpg","datePublished":"2025-06-11T17:06:57+00:00","dateModified":"2025-07-12T15:39:00+00:00","breadcrumb":{"@id":"https:\/\/realtyleonard.com\/es\/propiedades\/house-semidetached-house-for-sale-street-alcojora-44-la-caleta\/#breadcrumb"},"inLanguage":"es","potentialAction":[{"@type":"ReadAction","target":["https:\/\/realtyleonard.com\/es\/propiedades\/house-semidetached-house-for-sale-street-alcojora-44-la-caleta\/"]}]},{"@type":"ImageObject","inLanguage":"es","@id":"https:\/\/realtyleonard.com\/es\/propiedades\/house-semidetached-house-for-sale-street-alcojora-44-la-caleta\/#primaryimage","url":"https:\/\/realtyleonard.com\/wp-content\/uploads\/2025\/06\/1259620396.jpg","contentUrl":"https:\/\/realtyleonard.com\/wp-content\/uploads\/2025\/06\/1259620396.jpg","width":1500,"height":1001},{"@type":"BreadcrumbList","@id":"https:\/\/realtyleonard.com\/es\/propiedades\/house-semidetached-house-for-sale-street-alcojora-44-la-caleta\/#breadcrumb","itemListElement":[{"@type":"ListItem","position":1,"name":"\u0413\u043b\u0430\u0432\u043d\u0430\u044f \u0441\u0442\u0440\u0430\u043d\u0438\u0446\u0430","item":"https:\/\/realtyleonard.com\/es\/inicio\/"},{"@type":"ListItem","position":2,"name":"Property Finder","item":"https:\/\/realtyleonard.com\/es\/propiedades\/"},{"@type":"ListItem","position":3,"name":"Casa\/Adosado En venta Calle Alcojora 44, La Caleta"}]},{"@type":"WebSite","@id":"https:\/\/realtyleonard.com\/es\/#website","url":"https:\/\/realtyleonard.com\/es\/","name":"Leonard Realty","description":"Luxury Real Estate","publisher":{"@id":"https:\/\/realtyleonard.com\/es\/#organization"},"potentialAction":[{"@type":"SearchAction","target":{"@type":"EntryPoint","urlTemplate":"https:\/\/realtyleonard.com\/es\/?s={search_term_string}"},"query-input":{"@type":"PropertyValueSpecification","valueRequired":true,"valueName":"search_term_string"}}],"inLanguage":"es"},{"@type":"Organization","@id":"https:\/\/realtyleonard.com\/es\/#organization","name":"Leonard Realty","url":"https:\/\/realtyleonard.com\/es\/","logo":{"@type":"ImageObject","inLanguage":"es","@id":"https:\/\/realtyleonard.com\/es\/#\/schema\/logo\/image\/","url":"https:\/\/realtyleonard.com\/wp-content\/uploads\/2021\/03\/leonard_logo_sfondo_scuro1.png","contentUrl":"https:\/\/realtyleonard.com\/wp-content\/uploads\/2021\/03\/leonard_logo_sfondo_scuro1.png","width":859,"height":888,"caption":"Leonard Realty"},"image":{"@id":"https:\/\/realtyleonard.com\/es\/#\/schema\/logo\/image\/"}}]}},"_links":{"self":[{"href":"https:\/\/realtyleonard.com\/es\/wp-json\/wp\/v2\/product\/8084","targetHints":{"allow":["GET"]}}],"collection":[{"href":"https:\/\/realtyleonard.com\/es\/wp-json\/wp\/v2\/product"}],"about":[{"href":"https:\/\/realtyleonard.com\/es\/wp-json\/wp\/v2\/types\/product"}],"version-history":[{"count":0,"href":"https:\/\/realtyleonard.com\/es\/wp-json\/wp\/v2\/product\/8084\/revisions"}],"wp:featuredmedia":[{"embeddable":true,"href":"https:\/\/realtyleonard.com\/es\/wp-json\/wp\/v2\/media\/7444"}],"wp:attachment":[{"href":"https:\/\/realtyleonard.com\/es\/wp-json\/wp\/v2\/media?parent=8084"}],"wp:term":[{"taxonomy":"product_brand","embeddable":true,"href":"https:\/\/realtyleonard.com\/es\/wp-json\/wp\/v2\/product_brand?post=8084"},{"taxonomy":"product_cat","embeddable":true,"href":"https:\/\/realtyleonard.com\/es\/wp-json\/wp\/v2\/product_cat?post=8084"},{"taxonomy":"product_tag","embeddable":true,"href":"https:\/\/realtyleonard.com\/es\/wp-json\/wp\/v2\/product_tag?post=8084"}],"curies":[{"name":"wp","href":"https:\/\/api.w.org\/{rel}","templated":true}]}}